{"id":189909,"date":"2025-03-17T14:51:54","date_gmt":"2025-03-17T13:52:11","guid":{"rendered":"https:\/\/www.laperlavalles.cat\/product\/queen-helene-almond-professional-massage-cream-15oz\/"},"modified":"2025-03-17T14:56:23","modified_gmt":"2025-03-17T13:56:23","slug":"queen-helene-almond-professional-massage-cream-15oz","status":"publish","type":"product","link":"https:\/\/www.laperlavalles.cat\/fr\/produit\/queen-helene-almond-professional-massage-cream-15oz\/","title":{"rendered":"QUEEN HELENE ALMOND PROFESSIONAL MASSAGE CREAM 15OZ"},"content":{"rendered":"<p>Queen Helene Almond Massage Cream est une cr\u00e8me de massage enrichie en huile d&rsquo;amande douce, id\u00e9ale pour des massages relaxants qui laissent la peau douce et hydrat\u00e9e.<\/p>\n","protected":false},"excerpt":{"rendered":"<p>Queen Helene Almond Massage Cream est une cr\u00e8me de massage enrichie en huile d&rsquo;amande douce, id\u00e9ale pour des massages relaxants qui laissent la peau douce et<span class=\"excerpt-hellip\"> [\u2026]<\/span><\/p>\n","protected":false},"featured_media":189892,"comment_status":"open","ping_status":"closed","template":"","meta":[],"product_cat":[8461,8597],"product_tag":[],"_links":{"self":[{"href":"https:\/\/www.laperlavalles.cat\/fr\/wp-json\/wp\/v2\/product\/189909"}],"collection":[{"href":"https:\/\/www.laperlavalles.cat\/fr\/wp-json\/wp\/v2\/product"}],"about":[{"href":"https:\/\/www.laperlavalles.cat\/fr\/wp-json\/wp\/v2\/types\/product"}],"replies":[{"embeddable":true,"href":"https:\/\/www.laperlavalles.cat\/fr\/wp-json\/wp\/v2\/comments?post=189909"}],"wp:featuredmedia":[{"embeddable":true,"href":"https:\/\/www.laperlavalles.cat\/fr\/wp-json\/wp\/v2\/media\/189892"}],"wp:attachment":[{"href":"https:\/\/www.laperlavalles.cat\/fr\/wp-json\/wp\/v2\/media?parent=189909"}],"wp:term":[{"taxonomy":"product_cat","embeddable":true,"href":"https:\/\/www.laperlavalles.cat\/fr\/wp-json\/wp\/v2\/product_cat?post=189909"},{"taxonomy":"product_tag","embeddable":true,"href":"https:\/\/www.laperlavalles.cat\/fr\/wp-json\/wp\/v2\/product_tag?post=189909"}],"curies":[{"name":"wp","href":"https:\/\/api.w.org\/{rel}","templated":true}]}}