{"id":189929,"date":"2025-03-17T15:00:36","date_gmt":"2025-03-17T14:00:52","guid":{"rendered":"https:\/\/www.laperlavalles.cat\/product\/queen-helene-aloe-vera-facial-scrub-6oz\/"},"modified":"2025-03-17T15:05:33","modified_gmt":"2025-03-17T14:05:33","slug":"queen-helene-aloe-vera-facial-scrub-6oz","status":"publish","type":"product","link":"https:\/\/www.laperlavalles.cat\/fr\/produit\/queen-helene-aloe-vera-facial-scrub-6oz\/","title":{"rendered":"QUEEN HELENE ALOE VERA FACIAL SCRUB 6OZ"},"content":{"rendered":"<p>Queen Helene Aloe Vera Facial Scrub est un gommage facial naturel qui nettoie doucement la peau, apportant hydratation et fra\u00eecheur gr\u00e2ce \u00e0 l&rsquo;aloe vera.<\/p>\n","protected":false},"excerpt":{"rendered":"<p>Queen Helene Aloe Vera Facial Scrub est un gommage facial naturel qui nettoie doucement la peau, apportant hydratation et fra\u00eecheur gr\u00e2ce \u00e0 l&rsquo;aloe vera.<\/p>\n","protected":false},"featured_media":189912,"comment_status":"open","ping_status":"closed","template":"","meta":[],"product_cat":[8461,8597],"product_tag":[],"_links":{"self":[{"href":"https:\/\/www.laperlavalles.cat\/fr\/wp-json\/wp\/v2\/product\/189929"}],"collection":[{"href":"https:\/\/www.laperlavalles.cat\/fr\/wp-json\/wp\/v2\/product"}],"about":[{"href":"https:\/\/www.laperlavalles.cat\/fr\/wp-json\/wp\/v2\/types\/product"}],"replies":[{"embeddable":true,"href":"https:\/\/www.laperlavalles.cat\/fr\/wp-json\/wp\/v2\/comments?post=189929"}],"wp:featuredmedia":[{"embeddable":true,"href":"https:\/\/www.laperlavalles.cat\/fr\/wp-json\/wp\/v2\/media\/189912"}],"wp:attachment":[{"href":"https:\/\/www.laperlavalles.cat\/fr\/wp-json\/wp\/v2\/media?parent=189929"}],"wp:term":[{"taxonomy":"product_cat","embeddable":true,"href":"https:\/\/www.laperlavalles.cat\/fr\/wp-json\/wp\/v2\/product_cat?post=189929"},{"taxonomy":"product_tag","embeddable":true,"href":"https:\/\/www.laperlavalles.cat\/fr\/wp-json\/wp\/v2\/product_tag?post=189929"}],"curies":[{"name":"wp","href":"https:\/\/api.w.org\/{rel}","templated":true}]}}