{"id":189949,"date":"2025-03-17T15:01:52","date_gmt":"2025-03-17T14:02:10","guid":{"rendered":"https:\/\/www.laperlavalles.cat\/product\/queen-helene-mint-julep-natural-facial-scrub-6oz\/"},"modified":"2025-03-17T15:06:44","modified_gmt":"2025-03-17T14:06:44","slug":"queen-helene-mint-julep-natural-facial-scrub-6oz","status":"publish","type":"product","link":"https:\/\/www.laperlavalles.cat\/fr\/produit\/queen-helene-mint-julep-natural-facial-scrub-6oz\/","title":{"rendered":"QUEEN HELENE MINT JULEP NATURAL FACIAL SCRUB 6OZ"},"content":{"rendered":"<p>Queen Helene Mint Julep Natural Facial Scrub est un gommage facial qui aide \u00e0 \u00e9liminer les cellules mortes de la peau, la laissant douce et fra\u00eeche. Sa formule \u00e0 l&rsquo;extrait de menthe procure une sensation rafra\u00eechissante et aide \u00e0 nettoyer les pores en profondeur.<\/p>\n","protected":false},"excerpt":{"rendered":"<p>Queen Helene Mint Julep Natural Facial Scrub est un gommage facial qui aide \u00e0 \u00e9liminer les cellules mortes de la peau, la laissant douce et fra\u00eeche.<span class=\"excerpt-hellip\"> [\u2026]<\/span><\/p>\n","protected":false},"featured_media":189932,"comment_status":"open","ping_status":"closed","template":"","meta":[],"product_cat":[8461,8597],"product_tag":[],"_links":{"self":[{"href":"https:\/\/www.laperlavalles.cat\/fr\/wp-json\/wp\/v2\/product\/189949"}],"collection":[{"href":"https:\/\/www.laperlavalles.cat\/fr\/wp-json\/wp\/v2\/product"}],"about":[{"href":"https:\/\/www.laperlavalles.cat\/fr\/wp-json\/wp\/v2\/types\/product"}],"replies":[{"embeddable":true,"href":"https:\/\/www.laperlavalles.cat\/fr\/wp-json\/wp\/v2\/comments?post=189949"}],"wp:featuredmedia":[{"embeddable":true,"href":"https:\/\/www.laperlavalles.cat\/fr\/wp-json\/wp\/v2\/media\/189932"}],"wp:attachment":[{"href":"https:\/\/www.laperlavalles.cat\/fr\/wp-json\/wp\/v2\/media?parent=189949"}],"wp:term":[{"taxonomy":"product_cat","embeddable":true,"href":"https:\/\/www.laperlavalles.cat\/fr\/wp-json\/wp\/v2\/product_cat?post=189949"},{"taxonomy":"product_tag","embeddable":true,"href":"https:\/\/www.laperlavalles.cat\/fr\/wp-json\/wp\/v2\/product_tag?post=189949"}],"curies":[{"name":"wp","href":"https:\/\/api.w.org\/{rel}","templated":true}]}}