{"id":189969,"date":"2025-03-17T15:03:08","date_gmt":"2025-03-17T14:03:25","guid":{"rendered":"https:\/\/www.laperlavalles.cat\/product\/queen-helene-oatmeal-honey-facial-scrub-6oz\/"},"modified":"2025-03-17T15:07:56","modified_gmt":"2025-03-17T14:07:56","slug":"queen-helene-oatmeal-honey-facial-scrub-6oz","status":"publish","type":"product","link":"https:\/\/www.laperlavalles.cat\/fr\/produit\/queen-helene-oatmeal-honey-facial-scrub-6oz\/","title":{"rendered":"QUEEN HELENE OATMEAL &amp; HONEY FACIAL SCRUB 6OZ"},"content":{"rendered":"<p>Queen Helene Oatmeal &amp; Honey Facial Scrub est un gommage facial \u00e0 base de fibres naturelles qui aide \u00e0 \u00e9liminer les cellules mortes et les impuret\u00e9s de la peau. L&rsquo;avoine exfolie en douceur, tandis que le miel aide \u00e0 retenir l&rsquo;humidit\u00e9, laissant la peau douce et fra\u00eeche.<\/p>\n","protected":false},"excerpt":{"rendered":"<p>Queen Helene Oatmeal &amp; Honey Facial Scrub est un gommage facial \u00e0 base de fibres naturelles qui aide \u00e0 \u00e9liminer les cellules mortes et les impuret\u00e9s<span class=\"excerpt-hellip\"> [\u2026]<\/span><\/p>\n","protected":false},"featured_media":189952,"comment_status":"open","ping_status":"closed","template":"","meta":[],"product_cat":[8461,8597],"product_tag":[],"_links":{"self":[{"href":"https:\/\/www.laperlavalles.cat\/fr\/wp-json\/wp\/v2\/product\/189969"}],"collection":[{"href":"https:\/\/www.laperlavalles.cat\/fr\/wp-json\/wp\/v2\/product"}],"about":[{"href":"https:\/\/www.laperlavalles.cat\/fr\/wp-json\/wp\/v2\/types\/product"}],"replies":[{"embeddable":true,"href":"https:\/\/www.laperlavalles.cat\/fr\/wp-json\/wp\/v2\/comments?post=189969"}],"wp:featuredmedia":[{"embeddable":true,"href":"https:\/\/www.laperlavalles.cat\/fr\/wp-json\/wp\/v2\/media\/189952"}],"wp:attachment":[{"href":"https:\/\/www.laperlavalles.cat\/fr\/wp-json\/wp\/v2\/media?parent=189969"}],"wp:term":[{"taxonomy":"product_cat","embeddable":true,"href":"https:\/\/www.laperlavalles.cat\/fr\/wp-json\/wp\/v2\/product_cat?post=189969"},{"taxonomy":"product_tag","embeddable":true,"href":"https:\/\/www.laperlavalles.cat\/fr\/wp-json\/wp\/v2\/product_tag?post=189969"}],"curies":[{"name":"wp","href":"https:\/\/api.w.org\/{rel}","templated":true}]}}