{"id":189989,"date":"2025-03-17T15:10:35","date_gmt":"2025-03-17T14:10:52","guid":{"rendered":"https:\/\/www.laperlavalles.cat\/product\/queen-helene-jojoba-hot-oil-treatment-1oz\/"},"modified":"2026-01-22T11:55:59","modified_gmt":"2026-01-22T10:55:59","slug":"queen-helene-jojoba-hot-oil-treatment-1oz","status":"publish","type":"product","link":"https:\/\/www.laperlavalles.cat\/fr\/produit\/queen-helene-jojoba-hot-oil-treatment-1oz\/","title":{"rendered":"QUEEN HELENE JOJOBA HOT OIL TREATMENT 1OZ"},"content":{"rendered":"<p>Queen Helene Jojoba Hot Oil Treatment est un traitement \u00e0 l&rsquo;huile chaude \u00e0 la jojoba qui aide \u00e0 restaurer l&rsquo;humidit\u00e9 et la brillance des cheveux secs et ab\u00eem\u00e9s. Chaque paquet contient 12 tubes de 1 once chacun.<\/p>\n","protected":false},"excerpt":{"rendered":"<p>Queen Helene Jojoba Hot Oil Treatment est un traitement \u00e0 l&rsquo;huile chaude \u00e0 la jojoba qui aide \u00e0 restaurer l&rsquo;humidit\u00e9 et la brillance des cheveux secs<span class=\"excerpt-hellip\"> [\u2026]<\/span><\/p>\n","protected":false},"featured_media":189972,"comment_status":"open","ping_status":"closed","template":"","meta":[],"product_cat":[8461,24331],"product_tag":[],"_links":{"self":[{"href":"https:\/\/www.laperlavalles.cat\/fr\/wp-json\/wp\/v2\/product\/189989"}],"collection":[{"href":"https:\/\/www.laperlavalles.cat\/fr\/wp-json\/wp\/v2\/product"}],"about":[{"href":"https:\/\/www.laperlavalles.cat\/fr\/wp-json\/wp\/v2\/types\/product"}],"replies":[{"embeddable":true,"href":"https:\/\/www.laperlavalles.cat\/fr\/wp-json\/wp\/v2\/comments?post=189989"}],"wp:featuredmedia":[{"embeddable":true,"href":"https:\/\/www.laperlavalles.cat\/fr\/wp-json\/wp\/v2\/media\/189972"}],"wp:attachment":[{"href":"https:\/\/www.laperlavalles.cat\/fr\/wp-json\/wp\/v2\/media?parent=189989"}],"wp:term":[{"taxonomy":"product_cat","embeddable":true,"href":"https:\/\/www.laperlavalles.cat\/fr\/wp-json\/wp\/v2\/product_cat?post=189989"},{"taxonomy":"product_tag","embeddable":true,"href":"https:\/\/www.laperlavalles.cat\/fr\/wp-json\/wp\/v2\/product_tag?post=189989"}],"curies":[{"name":"wp","href":"https:\/\/api.w.org\/{rel}","templated":true}]}}