{"id":190049,"date":"2025-03-17T15:31:51","date_gmt":"2025-03-17T14:32:08","guid":{"rendered":"https:\/\/www.laperlavalles.cat\/product\/queen-helene-cocoa-butter-facial-scrub-6oz\/"},"modified":"2025-03-17T15:40:14","modified_gmt":"2025-03-17T14:40:14","slug":"queen-helene-cocoa-butter-facial-scrub-6oz","status":"publish","type":"product","link":"https:\/\/www.laperlavalles.cat\/fr\/produit\/queen-helene-cocoa-butter-facial-scrub-6oz\/","title":{"rendered":"Queen Helene Cocoa Butter Facial Scrub 6oz"},"content":{"rendered":"<p>Le Gommage Facial au Beurre de Cacao Queen Helene nettoie d\u00e9licatement la peau, en \u00e9liminant les impuret\u00e9s et les cellules mortes. Enrichi en beurre de cacao, il hydrate et nourrit la peau, la laissant douce et \u00e9clatante. Id\u00e9al pour les peaux s\u00e8ches ou d\u00e9shydrat\u00e9es, il aide \u00e0 maintenir l&rsquo;\u00e9lasticit\u00e9 et la douceur naturelles.<\/p>\n","protected":false},"excerpt":{"rendered":"<p>Le Gommage Facial au Beurre de Cacao Queen Helene nettoie d\u00e9licatement la peau, en \u00e9liminant les impuret\u00e9s et les cellules mortes. Enrichi en beurre de cacao,<span class=\"excerpt-hellip\"> [\u2026]<\/span><\/p>\n","protected":false},"featured_media":190032,"comment_status":"open","ping_status":"closed","template":"","meta":[],"product_cat":[8461,8597],"product_tag":[],"_links":{"self":[{"href":"https:\/\/www.laperlavalles.cat\/fr\/wp-json\/wp\/v2\/product\/190049"}],"collection":[{"href":"https:\/\/www.laperlavalles.cat\/fr\/wp-json\/wp\/v2\/product"}],"about":[{"href":"https:\/\/www.laperlavalles.cat\/fr\/wp-json\/wp\/v2\/types\/product"}],"replies":[{"embeddable":true,"href":"https:\/\/www.laperlavalles.cat\/fr\/wp-json\/wp\/v2\/comments?post=190049"}],"wp:featuredmedia":[{"embeddable":true,"href":"https:\/\/www.laperlavalles.cat\/fr\/wp-json\/wp\/v2\/media\/190032"}],"wp:attachment":[{"href":"https:\/\/www.laperlavalles.cat\/fr\/wp-json\/wp\/v2\/media?parent=190049"}],"wp:term":[{"taxonomy":"product_cat","embeddable":true,"href":"https:\/\/www.laperlavalles.cat\/fr\/wp-json\/wp\/v2\/product_cat?post=190049"},{"taxonomy":"product_tag","embeddable":true,"href":"https:\/\/www.laperlavalles.cat\/fr\/wp-json\/wp\/v2\/product_tag?post=190049"}],"curies":[{"name":"wp","href":"https:\/\/api.w.org\/{rel}","templated":true}]}}