{"id":190089,"date":"2025-03-17T15:34:19","date_gmt":"2025-03-17T14:34:35","guid":{"rendered":"https:\/\/www.laperlavalles.cat\/product\/queen-helene-mascara-facial-mint-julep-6oz\/"},"modified":"2025-03-17T15:43:03","modified_gmt":"2025-03-17T14:43:03","slug":"queen-helene-mascara-facial-mint-julep-6oz","status":"publish","type":"product","link":"https:\/\/www.laperlavalles.cat\/fr\/produit\/queen-helene-mascara-facial-mint-julep-6oz\/","title":{"rendered":"QUEEN HELENE MASCARA FACIAL MINT JULEP 6OZ"},"content":{"rendered":"<p>Queen Helene Mint Julep Masque est un masque facial qui aide \u00e0 ass\u00e9cher les boutons d&rsquo;acn\u00e9, \u00e9liminer les points noirs et r\u00e9duire les pores dilat\u00e9s. Il laisse la peau propre, douce et rafra\u00eechie.<\/p>\n","protected":false},"excerpt":{"rendered":"<p>Queen Helene Mint Julep Masque est un masque facial qui aide \u00e0 ass\u00e9cher les boutons d&rsquo;acn\u00e9, \u00e9liminer les points noirs et r\u00e9duire les pores dilat\u00e9s. Il<span class=\"excerpt-hellip\"> [\u2026]<\/span><\/p>\n","protected":false},"featured_media":190072,"comment_status":"open","ping_status":"closed","template":"","meta":[],"product_cat":[8461,8597],"product_tag":[],"_links":{"self":[{"href":"https:\/\/www.laperlavalles.cat\/fr\/wp-json\/wp\/v2\/product\/190089"}],"collection":[{"href":"https:\/\/www.laperlavalles.cat\/fr\/wp-json\/wp\/v2\/product"}],"about":[{"href":"https:\/\/www.laperlavalles.cat\/fr\/wp-json\/wp\/v2\/types\/product"}],"replies":[{"embeddable":true,"href":"https:\/\/www.laperlavalles.cat\/fr\/wp-json\/wp\/v2\/comments?post=190089"}],"wp:featuredmedia":[{"embeddable":true,"href":"https:\/\/www.laperlavalles.cat\/fr\/wp-json\/wp\/v2\/media\/190072"}],"wp:attachment":[{"href":"https:\/\/www.laperlavalles.cat\/fr\/wp-json\/wp\/v2\/media?parent=190089"}],"wp:term":[{"taxonomy":"product_cat","embeddable":true,"href":"https:\/\/www.laperlavalles.cat\/fr\/wp-json\/wp\/v2\/product_cat?post=190089"},{"taxonomy":"product_tag","embeddable":true,"href":"https:\/\/www.laperlavalles.cat\/fr\/wp-json\/wp\/v2\/product_tag?post=190089"}],"curies":[{"name":"wp","href":"https:\/\/api.w.org\/{rel}","templated":true}]}}