{"id":190109,"date":"2025-03-17T15:35:34","date_gmt":"2025-03-17T14:35:50","guid":{"rendered":"https:\/\/www.laperlavalles.cat\/product\/queen-helene-mud-pack-masque-6oz\/"},"modified":"2025-03-17T15:44:18","modified_gmt":"2025-03-17T14:44:18","slug":"queen-helene-mud-pack-masque-6oz","status":"publish","type":"product","link":"https:\/\/www.laperlavalles.cat\/fr\/produit\/queen-helene-mud-pack-masque-6oz\/","title":{"rendered":"QUEEN HELENE MUD PACK MASQUE 6OZ"},"content":{"rendered":"<p>Queen Helene Mud Pack Masque est un masque facial classique formul\u00e9 avec de l&rsquo;argile anglaise naturelle qui aide \u00e0 nettoyer en profondeur la peau, \u00e9liminant les impuret\u00e9s et les toxines. Ce masque aide \u00e9galement \u00e0 raffermir la peau l\u00e2che du visage et du cou, en relaxant les muscles faciaux fatigu\u00e9s pour adoucir les lignes et les rides. Apr\u00e8s utilisation, la peau se sent fra\u00eeche, douce et rajeunie, avec une apparence plus claire et plus jeune.<\/p>\n","protected":false},"excerpt":{"rendered":"<p>Queen Helene Mud Pack Masque est un masque facial classique formul\u00e9 avec de l&rsquo;argile anglaise naturelle qui aide \u00e0 nettoyer en profondeur la peau, \u00e9liminant les<span class=\"excerpt-hellip\"> [\u2026]<\/span><\/p>\n","protected":false},"featured_media":190092,"comment_status":"open","ping_status":"closed","template":"","meta":[],"product_cat":[8461,8597],"product_tag":[],"_links":{"self":[{"href":"https:\/\/www.laperlavalles.cat\/fr\/wp-json\/wp\/v2\/product\/190109"}],"collection":[{"href":"https:\/\/www.laperlavalles.cat\/fr\/wp-json\/wp\/v2\/product"}],"about":[{"href":"https:\/\/www.laperlavalles.cat\/fr\/wp-json\/wp\/v2\/types\/product"}],"replies":[{"embeddable":true,"href":"https:\/\/www.laperlavalles.cat\/fr\/wp-json\/wp\/v2\/comments?post=190109"}],"wp:featuredmedia":[{"embeddable":true,"href":"https:\/\/www.laperlavalles.cat\/fr\/wp-json\/wp\/v2\/media\/190092"}],"wp:attachment":[{"href":"https:\/\/www.laperlavalles.cat\/fr\/wp-json\/wp\/v2\/media?parent=190109"}],"wp:term":[{"taxonomy":"product_cat","embeddable":true,"href":"https:\/\/www.laperlavalles.cat\/fr\/wp-json\/wp\/v2\/product_cat?post=190109"},{"taxonomy":"product_tag","embeddable":true,"href":"https:\/\/www.laperlavalles.cat\/fr\/wp-json\/wp\/v2\/product_tag?post=190109"}],"curies":[{"name":"wp","href":"https:\/\/api.w.org\/{rel}","templated":true}]}}