{"id":190129,"date":"2025-03-17T15:36:48","date_gmt":"2025-03-17T14:37:06","guid":{"rendered":"https:\/\/www.laperlavalles.cat\/product\/queen-helene-olive-oil-hot-oil-treatment-1oz\/"},"modified":"2026-01-22T11:58:08","modified_gmt":"2026-01-22T10:58:08","slug":"queen-helene-olive-oil-hot-oil-treatment-1oz","status":"publish","type":"product","link":"https:\/\/www.laperlavalles.cat\/fr\/produit\/queen-helene-olive-oil-hot-oil-treatment-1oz\/","title":{"rendered":"QUEEN HELENE OLIVE OIL HOT OIL TREATMENT 1OZ"},"content":{"rendered":"<p>Le Queen Helene Olive Oil Hot Oil Treatment est un traitement intensif \u00e0 base d&rsquo;huile d&rsquo;olive, con\u00e7u pour r\u00e9parer et nourrir les cheveux secs et ab\u00eem\u00e9s. Sa formule p\u00e9n\u00e8tre en profondeur, apportant hydratation et douceur tout en restaurant la brillance naturelle des cheveux. Id\u00e9al en tant que traitement \u00e0 chaud pour revitaliser et renforcer les cheveux.<\/p>\n","protected":false},"excerpt":{"rendered":"<p>Le Queen Helene Olive Oil Hot Oil Treatment est un traitement intensif \u00e0 base d&rsquo;huile d&rsquo;olive, con\u00e7u pour r\u00e9parer et nourrir les cheveux secs et ab\u00eem\u00e9s.<span class=\"excerpt-hellip\"> [\u2026]<\/span><\/p>\n","protected":false},"featured_media":190112,"comment_status":"open","ping_status":"closed","template":"","meta":[],"product_cat":[8461,24331],"product_tag":[],"_links":{"self":[{"href":"https:\/\/www.laperlavalles.cat\/fr\/wp-json\/wp\/v2\/product\/190129"}],"collection":[{"href":"https:\/\/www.laperlavalles.cat\/fr\/wp-json\/wp\/v2\/product"}],"about":[{"href":"https:\/\/www.laperlavalles.cat\/fr\/wp-json\/wp\/v2\/types\/product"}],"replies":[{"embeddable":true,"href":"https:\/\/www.laperlavalles.cat\/fr\/wp-json\/wp\/v2\/comments?post=190129"}],"wp:featuredmedia":[{"embeddable":true,"href":"https:\/\/www.laperlavalles.cat\/fr\/wp-json\/wp\/v2\/media\/190112"}],"wp:attachment":[{"href":"https:\/\/www.laperlavalles.cat\/fr\/wp-json\/wp\/v2\/media?parent=190129"}],"wp:term":[{"taxonomy":"product_cat","embeddable":true,"href":"https:\/\/www.laperlavalles.cat\/fr\/wp-json\/wp\/v2\/product_cat?post=190129"},{"taxonomy":"product_tag","embeddable":true,"href":"https:\/\/www.laperlavalles.cat\/fr\/wp-json\/wp\/v2\/product_tag?post=190129"}],"curies":[{"name":"wp","href":"https:\/\/api.w.org\/{rel}","templated":true}]}}