{"id":190169,"date":"2025-03-19T09:10:36","date_gmt":"2025-03-19T08:10:52","guid":{"rendered":"https:\/\/www.laperlavalles.cat\/product\/shea-moisture-ch-curlstyle-milk-237ml\/"},"modified":"2026-04-28T10:03:14","modified_gmt":"2026-04-28T08:03:14","slug":"shea-moisture-ch-curlstyle-milk-237ml","status":"publish","type":"product","link":"https:\/\/www.laperlavalles.cat\/fr\/produit\/shea-moisture-ch-curlstyle-milk-237ml\/","title":{"rendered":"SHEA MOISTURE C&amp;H CURL&amp;STYLE MILK 237ML"},"content":{"rendered":"<p>Le Shea Moisture C&amp;H Curl &amp; Style Milk est un lait capillaire hydratant enrichi en beurre de karit\u00e9, huile de coco et extrait d\u2019hibiscus, id\u00e9al pour d\u00e9finir et adoucir les boucles sans laisser de r\u00e9sidus. Il nourrit en profondeur, contr\u00f4le les frisottis et laisse les cheveux sains et brillants. Parfait pour une utilisation quotidienne sur cheveux boucl\u00e9s et ondul\u00e9s.<\/p>\n","protected":false},"excerpt":{"rendered":"<p>Le Shea Moisture C&amp;H Curl &amp; Style Milk est un lait capillaire hydratant enrichi en beurre de karit\u00e9, huile de coco et extrait d\u2019hibiscus, id\u00e9al pour<span class=\"excerpt-hellip\"> [\u2026]<\/span><\/p>\n","protected":false},"featured_media":190152,"comment_status":"open","ping_status":"closed","template":"","meta":[],"product_cat":[8461,24331],"product_tag":[],"_links":{"self":[{"href":"https:\/\/www.laperlavalles.cat\/fr\/wp-json\/wp\/v2\/product\/190169"}],"collection":[{"href":"https:\/\/www.laperlavalles.cat\/fr\/wp-json\/wp\/v2\/product"}],"about":[{"href":"https:\/\/www.laperlavalles.cat\/fr\/wp-json\/wp\/v2\/types\/product"}],"replies":[{"embeddable":true,"href":"https:\/\/www.laperlavalles.cat\/fr\/wp-json\/wp\/v2\/comments?post=190169"}],"wp:featuredmedia":[{"embeddable":true,"href":"https:\/\/www.laperlavalles.cat\/fr\/wp-json\/wp\/v2\/media\/190152"}],"wp:attachment":[{"href":"https:\/\/www.laperlavalles.cat\/fr\/wp-json\/wp\/v2\/media?parent=190169"}],"wp:term":[{"taxonomy":"product_cat","embeddable":true,"href":"https:\/\/www.laperlavalles.cat\/fr\/wp-json\/wp\/v2\/product_cat?post=190169"},{"taxonomy":"product_tag","embeddable":true,"href":"https:\/\/www.laperlavalles.cat\/fr\/wp-json\/wp\/v2\/product_tag?post=190169"}],"curies":[{"name":"wp","href":"https:\/\/api.w.org\/{rel}","templated":true}]}}