{"id":190189,"date":"2025-03-19T09:20:36","date_gmt":"2025-03-19T08:20:53","guid":{"rendered":"https:\/\/www.laperlavalles.cat\/product\/shea-moisture-jbco-srengthen-restore-shampoo-384ml\/"},"modified":"2025-09-17T15:42:30","modified_gmt":"2025-09-17T13:42:30","slug":"shea-moisture-jbco-srengthen-restore-shampoo-384ml","status":"publish","type":"product","link":"https:\/\/www.laperlavalles.cat\/fr\/produit\/shea-moisture-jbco-srengthen-restore-shampoo-384ml\/","title":{"rendered":"SHEA MOISTURE JBCO SRENGTHEN &amp; RESTORE SHAMPOO 384ML"},"content":{"rendered":"<p>Le Shea Moisture JBCO Strengthen &amp; Restore Shampooing est formul\u00e9 avec de l\u2019huile de ricin noir de Jama\u00efque, du beurre de karit\u00e9 biologique et du vinaigre de cidre de pomme pour nettoyer en douceur les cheveux et le cuir chevelu tout en les renfor\u00e7ant. Il aide \u00e0 r\u00e9duire les pellicules, am\u00e9liorer l\u2019\u00e9lasticit\u00e9 et r\u00e9parer les cheveux ab\u00eem\u00e9s ou trait\u00e9s chimiquement. Id\u00e9al pour les cheveux boucl\u00e9s, en transition ou fragilis\u00e9s.<\/p>\n","protected":false},"excerpt":{"rendered":"<p>Le Shea Moisture JBCO Strengthen &amp; Restore Shampooing est formul\u00e9 avec de l\u2019huile de ricin noir de Jama\u00efque, du beurre de karit\u00e9 biologique et du vinaigre<span class=\"excerpt-hellip\"> [\u2026]<\/span><\/p>\n","protected":false},"featured_media":190172,"comment_status":"open","ping_status":"closed","template":"","meta":[],"product_cat":[8461,24331],"product_tag":[],"_links":{"self":[{"href":"https:\/\/www.laperlavalles.cat\/fr\/wp-json\/wp\/v2\/product\/190189"}],"collection":[{"href":"https:\/\/www.laperlavalles.cat\/fr\/wp-json\/wp\/v2\/product"}],"about":[{"href":"https:\/\/www.laperlavalles.cat\/fr\/wp-json\/wp\/v2\/types\/product"}],"replies":[{"embeddable":true,"href":"https:\/\/www.laperlavalles.cat\/fr\/wp-json\/wp\/v2\/comments?post=190189"}],"wp:featuredmedia":[{"embeddable":true,"href":"https:\/\/www.laperlavalles.cat\/fr\/wp-json\/wp\/v2\/media\/190172"}],"wp:attachment":[{"href":"https:\/\/www.laperlavalles.cat\/fr\/wp-json\/wp\/v2\/media?parent=190189"}],"wp:term":[{"taxonomy":"product_cat","embeddable":true,"href":"https:\/\/www.laperlavalles.cat\/fr\/wp-json\/wp\/v2\/product_cat?post=190189"},{"taxonomy":"product_tag","embeddable":true,"href":"https:\/\/www.laperlavalles.cat\/fr\/wp-json\/wp\/v2\/product_tag?post=190189"}],"curies":[{"name":"wp","href":"https:\/\/api.w.org\/{rel}","templated":true}]}}