{"id":190209,"date":"2025-03-19T09:21:41","date_gmt":"2025-03-19T08:21:59","guid":{"rendered":"https:\/\/www.laperlavalles.cat\/product\/shea-moisture-jbco-strengthen-restore-leave-in-conditioner-340ml\/"},"modified":"2026-01-14T10:23:21","modified_gmt":"2026-01-14T09:23:21","slug":"shea-moisture-jbco-strengthen-restore-leave-in-conditioner-340ml","status":"publish","type":"product","link":"https:\/\/www.laperlavalles.cat\/fr\/produit\/shea-moisture-jbco-strengthen-restore-leave-in-conditioner-340ml\/","title":{"rendered":"SHEA MOISTURE JBCO STRENGTHEN &amp; RESTORE LEAVE-IN CONDITIONER 340ML"},"content":{"rendered":"<p>Le Shea Moisture JBCO Strengthen &amp; Restore Leave-In Conditioner est un soin sans rin\u00e7age enrichi en huile de ricin noir de Jama\u00efque, beurre de karit\u00e9 biologique et prot\u00e9ine de k\u00e9ratine. Il hydrate en profondeur, d\u00e9m\u00eale et renforce les cheveux ab\u00eem\u00e9s ou trait\u00e9s chimiquement. Il aide \u00e0 r\u00e9duire la casse et \u00e0 am\u00e9liorer l\u2019\u00e9lasticit\u00e9, laissant les cheveux doux et faciles \u00e0 coiffer.<\/p>\n","protected":false},"excerpt":{"rendered":"<p>Le Shea Moisture JBCO Strengthen &amp; Restore Leave-In Conditioner est un soin sans rin\u00e7age enrichi en huile de ricin noir de Jama\u00efque, beurre de karit\u00e9 biologique<span class=\"excerpt-hellip\"> [\u2026]<\/span><\/p>\n","protected":false},"featured_media":190192,"comment_status":"open","ping_status":"closed","template":"","meta":[],"product_cat":[8461,24331],"product_tag":[],"_links":{"self":[{"href":"https:\/\/www.laperlavalles.cat\/fr\/wp-json\/wp\/v2\/product\/190209"}],"collection":[{"href":"https:\/\/www.laperlavalles.cat\/fr\/wp-json\/wp\/v2\/product"}],"about":[{"href":"https:\/\/www.laperlavalles.cat\/fr\/wp-json\/wp\/v2\/types\/product"}],"replies":[{"embeddable":true,"href":"https:\/\/www.laperlavalles.cat\/fr\/wp-json\/wp\/v2\/comments?post=190209"}],"wp:featuredmedia":[{"embeddable":true,"href":"https:\/\/www.laperlavalles.cat\/fr\/wp-json\/wp\/v2\/media\/190192"}],"wp:attachment":[{"href":"https:\/\/www.laperlavalles.cat\/fr\/wp-json\/wp\/v2\/media?parent=190209"}],"wp:term":[{"taxonomy":"product_cat","embeddable":true,"href":"https:\/\/www.laperlavalles.cat\/fr\/wp-json\/wp\/v2\/product_cat?post=190209"},{"taxonomy":"product_tag","embeddable":true,"href":"https:\/\/www.laperlavalles.cat\/fr\/wp-json\/wp\/v2\/product_tag?post=190209"}],"curies":[{"name":"wp","href":"https:\/\/api.w.org\/{rel}","templated":true}]}}