{"id":190229,"date":"2025-03-19T10:10:36","date_gmt":"2025-03-19T09:10:53","guid":{"rendered":"https:\/\/www.laperlavalles.cat\/product\/shea-moisture-jbco-strengthen-restore-conditioner-384ml\/"},"modified":"2025-09-17T15:54:50","modified_gmt":"2025-09-17T13:54:50","slug":"shea-moisture-jbco-strengthen-restore-conditioner-384ml","status":"publish","type":"product","link":"https:\/\/www.laperlavalles.cat\/fr\/produit\/shea-moisture-jbco-strengthen-restore-conditioner-384ml\/","title":{"rendered":"SHEA MOISTURE JBCO STRENGTHEN &amp; RESTORE CONDITIONER 384ML"},"content":{"rendered":"<p>Le SHEA MOISTURE JBCO STRENGTHEN &amp; RESTORE CONDITIONER 384ML est un apr\u00e8s-shampoing fortifiant con\u00e7u pour nourrir, d\u00e9m\u00ealer et r\u00e9parer les cheveux ab\u00eem\u00e9s ou trait\u00e9s chimiquement. Enrichi en huile de ricin noire jama\u00efcaine, beurre de karit\u00e9 et vinaigre de cidre, il renforce la fibre capillaire tout en apportant douceur et \u00e9clat. Id\u00e9al pour les cheveux boucl\u00e9s, fris\u00e9s ou en transition.<\/p>\n","protected":false},"excerpt":{"rendered":"<p>Le SHEA MOISTURE JBCO STRENGTHEN &amp; RESTORE CONDITIONER 384ML est un apr\u00e8s-shampoing fortifiant con\u00e7u pour nourrir, d\u00e9m\u00ealer et r\u00e9parer les cheveux ab\u00eem\u00e9s ou trait\u00e9s chimiquement. Enrichi<span class=\"excerpt-hellip\"> [\u2026]<\/span><\/p>\n","protected":false},"featured_media":190212,"comment_status":"open","ping_status":"closed","template":"","meta":[],"product_cat":[8461,24331],"product_tag":[],"_links":{"self":[{"href":"https:\/\/www.laperlavalles.cat\/fr\/wp-json\/wp\/v2\/product\/190229"}],"collection":[{"href":"https:\/\/www.laperlavalles.cat\/fr\/wp-json\/wp\/v2\/product"}],"about":[{"href":"https:\/\/www.laperlavalles.cat\/fr\/wp-json\/wp\/v2\/types\/product"}],"replies":[{"embeddable":true,"href":"https:\/\/www.laperlavalles.cat\/fr\/wp-json\/wp\/v2\/comments?post=190229"}],"wp:featuredmedia":[{"embeddable":true,"href":"https:\/\/www.laperlavalles.cat\/fr\/wp-json\/wp\/v2\/media\/190212"}],"wp:attachment":[{"href":"https:\/\/www.laperlavalles.cat\/fr\/wp-json\/wp\/v2\/media?parent=190229"}],"wp:term":[{"taxonomy":"product_cat","embeddable":true,"href":"https:\/\/www.laperlavalles.cat\/fr\/wp-json\/wp\/v2\/product_cat?post=190229"},{"taxonomy":"product_tag","embeddable":true,"href":"https:\/\/www.laperlavalles.cat\/fr\/wp-json\/wp\/v2\/product_tag?post=190229"}],"curies":[{"name":"wp","href":"https:\/\/api.w.org\/{rel}","templated":true}]}}