{"id":190249,"date":"2025-03-19T10:11:41","date_gmt":"2025-03-19T09:11:58","guid":{"rendered":"https:\/\/www.laperlavalles.cat\/product\/shea-moisture-manuka-honeyyogurt-xampu-384ml\/"},"modified":"2025-09-17T15:56:20","modified_gmt":"2025-09-17T13:56:20","slug":"shea-moisture-manuka-honeyyogurt-xampu-384ml","status":"publish","type":"product","link":"https:\/\/www.laperlavalles.cat\/fr\/produit\/shea-moisture-manuka-honeyyogurt-xampu-384ml\/","title":{"rendered":"SHEA MOISTURE MANUKA HONEY&amp;YOGURT XAMP\u00da 384ML"},"content":{"rendered":"<p>Le SHEA MOISTURE MANUKA HONEY &amp; YOGURT SHAMPOO 384ML est un shampoing ultra-nourrissant qui nettoie en douceur tout en renfor\u00e7ant les cheveux fragilis\u00e9s. Enrichi en miel de Manuka, en yaourt et en beurre de karit\u00e9, il hydrate intens\u00e9ment et aide \u00e0 restaurer la force et l\u2019\u00e9lasticit\u00e9 des cheveux ab\u00eem\u00e9s. Parfait pour les cheveux secs et cassants.<\/p>\n","protected":false},"excerpt":{"rendered":"<p>Le SHEA MOISTURE MANUKA HONEY &amp; YOGURT SHAMPOO 384ML est un shampoing ultra-nourrissant qui nettoie en douceur tout en renfor\u00e7ant les cheveux fragilis\u00e9s. Enrichi en miel<span class=\"excerpt-hellip\"> [\u2026]<\/span><\/p>\n","protected":false},"featured_media":190232,"comment_status":"open","ping_status":"closed","template":"","meta":[],"product_cat":[8461,24331],"product_tag":[],"_links":{"self":[{"href":"https:\/\/www.laperlavalles.cat\/fr\/wp-json\/wp\/v2\/product\/190249"}],"collection":[{"href":"https:\/\/www.laperlavalles.cat\/fr\/wp-json\/wp\/v2\/product"}],"about":[{"href":"https:\/\/www.laperlavalles.cat\/fr\/wp-json\/wp\/v2\/types\/product"}],"replies":[{"embeddable":true,"href":"https:\/\/www.laperlavalles.cat\/fr\/wp-json\/wp\/v2\/comments?post=190249"}],"wp:featuredmedia":[{"embeddable":true,"href":"https:\/\/www.laperlavalles.cat\/fr\/wp-json\/wp\/v2\/media\/190232"}],"wp:attachment":[{"href":"https:\/\/www.laperlavalles.cat\/fr\/wp-json\/wp\/v2\/media?parent=190249"}],"wp:term":[{"taxonomy":"product_cat","embeddable":true,"href":"https:\/\/www.laperlavalles.cat\/fr\/wp-json\/wp\/v2\/product_cat?post=190249"},{"taxonomy":"product_tag","embeddable":true,"href":"https:\/\/www.laperlavalles.cat\/fr\/wp-json\/wp\/v2\/product_tag?post=190249"}],"curies":[{"name":"wp","href":"https:\/\/api.w.org\/{rel}","templated":true}]}}