{"id":190269,"date":"2025-03-19T10:12:44","date_gmt":"2025-03-19T09:13:01","guid":{"rendered":"https:\/\/www.laperlavalles.cat\/product\/shea-moisture-manuka-honey-yogurt-leave-in-conditioner-237ml\/"},"modified":"2025-09-17T15:57:50","modified_gmt":"2025-09-17T13:57:50","slug":"shea-moisture-manuka-honey-yogurt-leave-in-conditioner-237ml","status":"publish","type":"product","link":"https:\/\/www.laperlavalles.cat\/fr\/produit\/shea-moisture-manuka-honey-yogurt-leave-in-conditioner-237ml\/","title":{"rendered":"SHEA MOISTURE MANUKA HONEY &amp; YOGURT LEAVE-IN CONDITIONER 237ML"},"content":{"rendered":"<p>Le SHEA MOISTURE MANUKA HONEY &amp; YOGURT LEAVE-IN 237ML est un soin sans rin\u00e7age con\u00e7u pour hydrater et fortifier les cheveux fragiles et ab\u00eem\u00e9s. Sa formule enrichie en miel de Manuka, en yaourt et en beurre de karit\u00e9 aide \u00e0 d\u00e9m\u00ealer, nourrir et prot\u00e9ger la fibre capillaire tout en r\u00e9duisant la casse. Id\u00e9al pour les cheveux secs et cassants.<\/p>\n","protected":false},"excerpt":{"rendered":"<p>Le SHEA MOISTURE MANUKA HONEY &amp; YOGURT LEAVE-IN 237ML est un soin sans rin\u00e7age con\u00e7u pour hydrater et fortifier les cheveux fragiles et ab\u00eem\u00e9s. Sa formule<span class=\"excerpt-hellip\"> [\u2026]<\/span><\/p>\n","protected":false},"featured_media":190252,"comment_status":"open","ping_status":"closed","template":"","meta":[],"product_cat":[8461,24331],"product_tag":[],"_links":{"self":[{"href":"https:\/\/www.laperlavalles.cat\/fr\/wp-json\/wp\/v2\/product\/190269"}],"collection":[{"href":"https:\/\/www.laperlavalles.cat\/fr\/wp-json\/wp\/v2\/product"}],"about":[{"href":"https:\/\/www.laperlavalles.cat\/fr\/wp-json\/wp\/v2\/types\/product"}],"replies":[{"embeddable":true,"href":"https:\/\/www.laperlavalles.cat\/fr\/wp-json\/wp\/v2\/comments?post=190269"}],"wp:featuredmedia":[{"embeddable":true,"href":"https:\/\/www.laperlavalles.cat\/fr\/wp-json\/wp\/v2\/media\/190252"}],"wp:attachment":[{"href":"https:\/\/www.laperlavalles.cat\/fr\/wp-json\/wp\/v2\/media?parent=190269"}],"wp:term":[{"taxonomy":"product_cat","embeddable":true,"href":"https:\/\/www.laperlavalles.cat\/fr\/wp-json\/wp\/v2\/product_cat?post=190269"},{"taxonomy":"product_tag","embeddable":true,"href":"https:\/\/www.laperlavalles.cat\/fr\/wp-json\/wp\/v2\/product_tag?post=190269"}],"curies":[{"name":"wp","href":"https:\/\/api.w.org\/{rel}","templated":true}]}}