{"id":190289,"date":"2025-03-19T10:20:36","date_gmt":"2025-03-19T09:20:52","guid":{"rendered":"https:\/\/www.laperlavalles.cat\/product\/shea-moisture-ch-curl-defining-gel-431ml\/"},"modified":"2025-03-19T10:26:42","modified_gmt":"2025-03-19T09:26:42","slug":"shea-moisture-ch-curl-defining-gel-431ml","status":"publish","type":"product","link":"https:\/\/www.laperlavalles.cat\/fr\/produit\/shea-moisture-ch-curl-defining-gel-431ml\/","title":{"rendered":"SHEA MOISTURE C&amp;H CURL DEFINING GEL 431ML"},"content":{"rendered":"<p>Le SHEA MOISTURE C&amp;H CURL DEFINING GEL 431ML est un gel coiffant con\u00e7u pour d\u00e9finir et fixer les boucles sans effet cartonn\u00e9. Sa formule enrichie en beurre de karit\u00e9, huile de coco et extraits botaniques nourrit les cheveux, leur apporte de la brillance et r\u00e9duit les frisottis. Convient aux cheveux boucl\u00e9s, fris\u00e9s et ondul\u00e9s.<\/p>\n","protected":false},"excerpt":{"rendered":"<p>Le SHEA MOISTURE C&amp;H CURL DEFINING GEL 431ML est un gel coiffant con\u00e7u pour d\u00e9finir et fixer les boucles sans effet cartonn\u00e9. Sa formule enrichie en<span class=\"excerpt-hellip\"> [\u2026]<\/span><\/p>\n","protected":false},"featured_media":190272,"comment_status":"open","ping_status":"closed","template":"","meta":[],"product_cat":[8461,24331],"product_tag":[],"_links":{"self":[{"href":"https:\/\/www.laperlavalles.cat\/fr\/wp-json\/wp\/v2\/product\/190289"}],"collection":[{"href":"https:\/\/www.laperlavalles.cat\/fr\/wp-json\/wp\/v2\/product"}],"about":[{"href":"https:\/\/www.laperlavalles.cat\/fr\/wp-json\/wp\/v2\/types\/product"}],"replies":[{"embeddable":true,"href":"https:\/\/www.laperlavalles.cat\/fr\/wp-json\/wp\/v2\/comments?post=190289"}],"wp:featuredmedia":[{"embeddable":true,"href":"https:\/\/www.laperlavalles.cat\/fr\/wp-json\/wp\/v2\/media\/190272"}],"wp:attachment":[{"href":"https:\/\/www.laperlavalles.cat\/fr\/wp-json\/wp\/v2\/media?parent=190289"}],"wp:term":[{"taxonomy":"product_cat","embeddable":true,"href":"https:\/\/www.laperlavalles.cat\/fr\/wp-json\/wp\/v2\/product_cat?post=190289"},{"taxonomy":"product_tag","embeddable":true,"href":"https:\/\/www.laperlavalles.cat\/fr\/wp-json\/wp\/v2\/product_tag?post=190289"}],"curies":[{"name":"wp","href":"https:\/\/api.w.org\/{rel}","templated":true}]}}