{"id":190309,"date":"2025-03-19T10:21:51","date_gmt":"2025-03-19T09:22:07","guid":{"rendered":"https:\/\/www.laperlavalles.cat\/product\/shea-moisture-jbco-strong-hold-styling-gel-431ml\/"},"modified":"2025-03-19T10:27:55","modified_gmt":"2025-03-19T09:27:55","slug":"shea-moisture-jbco-strong-hold-styling-gel-431ml","status":"publish","type":"product","link":"https:\/\/www.laperlavalles.cat\/fr\/produit\/shea-moisture-jbco-strong-hold-styling-gel-431ml\/","title":{"rendered":"SHEA MOISTURE JBCO STRONG HOLD STYLING GEL 431ML"},"content":{"rendered":"<p>Le SHEA MOISTURE JBCO STRONG HOLD STYLING GEL 431ML est un gel coiffant \u00e0 fixation forte enrichi en huile de ricin noire de Jama\u00efque. Il offre une tenue longue dur\u00e9e sans alourdir ni ass\u00e9cher les cheveux. Sa formule fortifiante aide \u00e0 renforcer et prot\u00e9ger les cheveux tout en r\u00e9duisant les frisottis. Id\u00e9al pour les cheveux textur\u00e9s.<\/p>\n","protected":false},"excerpt":{"rendered":"<p>Le SHEA MOISTURE JBCO STRONG HOLD STYLING GEL 431ML est un gel coiffant \u00e0 fixation forte enrichi en huile de ricin noire de Jama\u00efque. Il offre<span class=\"excerpt-hellip\"> [\u2026]<\/span><\/p>\n","protected":false},"featured_media":190292,"comment_status":"open","ping_status":"closed","template":"","meta":[],"product_cat":[8461,24331],"product_tag":[],"_links":{"self":[{"href":"https:\/\/www.laperlavalles.cat\/fr\/wp-json\/wp\/v2\/product\/190309"}],"collection":[{"href":"https:\/\/www.laperlavalles.cat\/fr\/wp-json\/wp\/v2\/product"}],"about":[{"href":"https:\/\/www.laperlavalles.cat\/fr\/wp-json\/wp\/v2\/types\/product"}],"replies":[{"embeddable":true,"href":"https:\/\/www.laperlavalles.cat\/fr\/wp-json\/wp\/v2\/comments?post=190309"}],"wp:featuredmedia":[{"embeddable":true,"href":"https:\/\/www.laperlavalles.cat\/fr\/wp-json\/wp\/v2\/media\/190292"}],"wp:attachment":[{"href":"https:\/\/www.laperlavalles.cat\/fr\/wp-json\/wp\/v2\/media?parent=190309"}],"wp:term":[{"taxonomy":"product_cat","embeddable":true,"href":"https:\/\/www.laperlavalles.cat\/fr\/wp-json\/wp\/v2\/product_cat?post=190309"},{"taxonomy":"product_tag","embeddable":true,"href":"https:\/\/www.laperlavalles.cat\/fr\/wp-json\/wp\/v2\/product_tag?post=190309"}],"curies":[{"name":"wp","href":"https:\/\/api.w.org\/{rel}","templated":true}]}}