{"id":190329,"date":"2025-03-19T10:23:04","date_gmt":"2025-03-19T09:23:21","guid":{"rendered":"https:\/\/www.laperlavalles.cat\/product\/shea-moisture-manuka-honeyyogurt-hydrepair-protein-treatment-355ml\/"},"modified":"2025-03-19T10:29:10","modified_gmt":"2025-03-19T09:29:10","slug":"shea-moisture-manuka-honeyyogurt-hydrepair-protein-treatment-355ml","status":"publish","type":"product","link":"https:\/\/www.laperlavalles.cat\/fr\/produit\/shea-moisture-manuka-honeyyogurt-hydrepair-protein-treatment-355ml\/","title":{"rendered":"SHEA MOISTURE MANUKA HONEY&amp;YOGURT HYD&amp;REPAIR PROTEIN TREATMENT 355ML"},"content":{"rendered":"<p>Le SHEA MOISTURE MANUKA HONEY &amp; YOGURT HYDRATE &amp; REPAIR PROTEIN TREATMENT 355ML est un soin intensif enrichi en miel de manuka et en yaourt. Il r\u00e9pare et renforce les cheveux ab\u00eem\u00e9s gr\u00e2ce \u00e0 une infusion de prot\u00e9ines, tout en apportant hydratation et douceur. Id\u00e9al pour restaurer la vitalit\u00e9 des cheveux fragilis\u00e9s et cassants.<\/p>\n","protected":false},"excerpt":{"rendered":"<p>Le SHEA MOISTURE MANUKA HONEY &amp; YOGURT HYDRATE &amp; REPAIR PROTEIN TREATMENT 355ML est un soin intensif enrichi en miel de manuka et en yaourt. Il<span class=\"excerpt-hellip\"> [\u2026]<\/span><\/p>\n","protected":false},"featured_media":190312,"comment_status":"open","ping_status":"closed","template":"","meta":[],"product_cat":[8461,24331],"product_tag":[],"_links":{"self":[{"href":"https:\/\/www.laperlavalles.cat\/fr\/wp-json\/wp\/v2\/product\/190329"}],"collection":[{"href":"https:\/\/www.laperlavalles.cat\/fr\/wp-json\/wp\/v2\/product"}],"about":[{"href":"https:\/\/www.laperlavalles.cat\/fr\/wp-json\/wp\/v2\/types\/product"}],"replies":[{"embeddable":true,"href":"https:\/\/www.laperlavalles.cat\/fr\/wp-json\/wp\/v2\/comments?post=190329"}],"wp:featuredmedia":[{"embeddable":true,"href":"https:\/\/www.laperlavalles.cat\/fr\/wp-json\/wp\/v2\/media\/190312"}],"wp:attachment":[{"href":"https:\/\/www.laperlavalles.cat\/fr\/wp-json\/wp\/v2\/media?parent=190329"}],"wp:term":[{"taxonomy":"product_cat","embeddable":true,"href":"https:\/\/www.laperlavalles.cat\/fr\/wp-json\/wp\/v2\/product_cat?post=190329"},{"taxonomy":"product_tag","embeddable":true,"href":"https:\/\/www.laperlavalles.cat\/fr\/wp-json\/wp\/v2\/product_tag?post=190329"}],"curies":[{"name":"wp","href":"https:\/\/api.w.org\/{rel}","templated":true}]}}