{"id":190369,"date":"2025-03-19T10:30:36","date_gmt":"2025-03-19T09:30:53","guid":{"rendered":"https:\/\/www.laperlavalles.cat\/product\/hawaiian-silky-14-in-1-shampoo-474ml\/"},"modified":"2025-05-13T16:52:09","modified_gmt":"2025-05-13T14:52:09","slug":"hawaiian-silky-14-in-1-shampoo-474ml","status":"publish","type":"product","link":"https:\/\/www.laperlavalles.cat\/fr\/produit\/hawaiian-silky-14-in-1-shampoo-474ml\/","title":{"rendered":"HAWAIIAN SILKY 14-IN-1 SHAMPOO 474ML"},"content":{"rendered":"<p>Le HAWAIIAN SILKY 14-IN-1 SHAMPOO 474ML est un shampoing hydratant et nourrissant, id\u00e9al pour les cheveux secs et ab\u00eem\u00e9s. Sa formule 14-en-1 nettoie en douceur, renforce les cheveux et leur apporte une hydratation intense pour plus de douceur et de brillance.<\/p>\n","protected":false},"excerpt":{"rendered":"<p>Le HAWAIIAN SILKY 14-IN-1 SHAMPOO 474ML est un shampoing hydratant et nourrissant, id\u00e9al pour les cheveux secs et ab\u00eem\u00e9s. Sa formule 14-en-1 nettoie en douceur, renforce<span class=\"excerpt-hellip\"> [\u2026]<\/span><\/p>\n","protected":false},"featured_media":190352,"comment_status":"open","ping_status":"closed","template":"","meta":[],"product_cat":[8461,24331],"product_tag":[],"_links":{"self":[{"href":"https:\/\/www.laperlavalles.cat\/fr\/wp-json\/wp\/v2\/product\/190369"}],"collection":[{"href":"https:\/\/www.laperlavalles.cat\/fr\/wp-json\/wp\/v2\/product"}],"about":[{"href":"https:\/\/www.laperlavalles.cat\/fr\/wp-json\/wp\/v2\/types\/product"}],"replies":[{"embeddable":true,"href":"https:\/\/www.laperlavalles.cat\/fr\/wp-json\/wp\/v2\/comments?post=190369"}],"wp:featuredmedia":[{"embeddable":true,"href":"https:\/\/www.laperlavalles.cat\/fr\/wp-json\/wp\/v2\/media\/190352"}],"wp:attachment":[{"href":"https:\/\/www.laperlavalles.cat\/fr\/wp-json\/wp\/v2\/media?parent=190369"}],"wp:term":[{"taxonomy":"product_cat","embeddable":true,"href":"https:\/\/www.laperlavalles.cat\/fr\/wp-json\/wp\/v2\/product_cat?post=190369"},{"taxonomy":"product_tag","embeddable":true,"href":"https:\/\/www.laperlavalles.cat\/fr\/wp-json\/wp\/v2\/product_tag?post=190369"}],"curies":[{"name":"wp","href":"https:\/\/api.w.org\/{rel}","templated":true}]}}