{"id":190389,"date":"2025-03-19T10:32:14","date_gmt":"2025-03-19T09:32:30","guid":{"rendered":"https:\/\/www.laperlavalles.cat\/product\/hawaiian-silky-14-in-1-conditioner-474ml\/"},"modified":"2025-05-16T13:22:11","modified_gmt":"2025-05-16T11:22:11","slug":"hawaiian-silky-14-in-1-conditioner-474ml","status":"publish","type":"product","link":"https:\/\/www.laperlavalles.cat\/fr\/produit\/hawaiian-silky-14-in-1-conditioner-474ml\/","title":{"rendered":"HAWAIIAN SILKY 14-IN-1 CONDITIONER 474ML"},"content":{"rendered":"<p>Le HAWAIIAN SILKY 14-IN-1 CONDITIONER 474ML est un apr\u00e8s-shampoing ultra-hydratant qui aide \u00e0 d\u00e9m\u00ealer, nourrir et adoucir les cheveux. Sa formule 14-en-1 prot\u00e8ge contre la s\u00e9cheresse, r\u00e9duit les frisottis et renforce la fibre capillaire.<\/p>\n","protected":false},"excerpt":{"rendered":"<p>Le HAWAIIAN SILKY 14-IN-1 CONDITIONER 474ML est un apr\u00e8s-shampoing ultra-hydratant qui aide \u00e0 d\u00e9m\u00ealer, nourrir et adoucir les cheveux. Sa formule 14-en-1 prot\u00e8ge contre la s\u00e9cheresse,<span class=\"excerpt-hellip\"> [\u2026]<\/span><\/p>\n","protected":false},"featured_media":190372,"comment_status":"open","ping_status":"closed","template":"","meta":[],"product_cat":[8461,24331],"product_tag":[],"_links":{"self":[{"href":"https:\/\/www.laperlavalles.cat\/fr\/wp-json\/wp\/v2\/product\/190389"}],"collection":[{"href":"https:\/\/www.laperlavalles.cat\/fr\/wp-json\/wp\/v2\/product"}],"about":[{"href":"https:\/\/www.laperlavalles.cat\/fr\/wp-json\/wp\/v2\/types\/product"}],"replies":[{"embeddable":true,"href":"https:\/\/www.laperlavalles.cat\/fr\/wp-json\/wp\/v2\/comments?post=190389"}],"wp:featuredmedia":[{"embeddable":true,"href":"https:\/\/www.laperlavalles.cat\/fr\/wp-json\/wp\/v2\/media\/190372"}],"wp:attachment":[{"href":"https:\/\/www.laperlavalles.cat\/fr\/wp-json\/wp\/v2\/media?parent=190389"}],"wp:term":[{"taxonomy":"product_cat","embeddable":true,"href":"https:\/\/www.laperlavalles.cat\/fr\/wp-json\/wp\/v2\/product_cat?post=190389"},{"taxonomy":"product_tag","embeddable":true,"href":"https:\/\/www.laperlavalles.cat\/fr\/wp-json\/wp\/v2\/product_tag?post=190389"}],"curies":[{"name":"wp","href":"https:\/\/api.w.org\/{rel}","templated":true}]}}