{"id":190409,"date":"2025-03-19T10:33:56","date_gmt":"2025-03-19T09:34:12","guid":{"rendered":"https:\/\/www.laperlavalles.cat\/product\/shea-moisture-manuka-honey-mafura-leave-in-conditioner-326ml\/"},"modified":"2025-03-19T10:51:48","modified_gmt":"2025-03-19T09:51:48","slug":"shea-moisture-manuka-honey-mafura-leave-in-conditioner-326ml","status":"publish","type":"product","link":"https:\/\/www.laperlavalles.cat\/fr\/produit\/shea-moisture-manuka-honey-mafura-leave-in-conditioner-326ml\/","title":{"rendered":"SHEA MOISTURE MANUKA HONEY &amp; MAFURA LEAVE-IN CONDITIONER 326ML"},"content":{"rendered":"<p>Le SHEA MOISTURE MANUKA HONEY &amp; MAFURA LEAVE-IN CONDITIONER 326ML est un soin sans rin\u00e7age qui nourrit et hydrate en profondeur les cheveux secs et ab\u00eem\u00e9s. Gr\u00e2ce au miel de manuka et \u00e0 l&rsquo;huile de mafura, il aide \u00e0 adoucir, d\u00e9m\u00ealer et prot\u00e9ger les cheveux contre la casse.<\/p>\n","protected":false},"excerpt":{"rendered":"<p>Le SHEA MOISTURE MANUKA HONEY &amp; MAFURA LEAVE-IN CONDITIONER 326ML est un soin sans rin\u00e7age qui nourrit et hydrate en profondeur les cheveux secs et ab\u00eem\u00e9s.<span class=\"excerpt-hellip\"> [\u2026]<\/span><\/p>\n","protected":false},"featured_media":190392,"comment_status":"open","ping_status":"closed","template":"","meta":[],"product_cat":[8461,24331],"product_tag":[],"_links":{"self":[{"href":"https:\/\/www.laperlavalles.cat\/fr\/wp-json\/wp\/v2\/product\/190409"}],"collection":[{"href":"https:\/\/www.laperlavalles.cat\/fr\/wp-json\/wp\/v2\/product"}],"about":[{"href":"https:\/\/www.laperlavalles.cat\/fr\/wp-json\/wp\/v2\/types\/product"}],"replies":[{"embeddable":true,"href":"https:\/\/www.laperlavalles.cat\/fr\/wp-json\/wp\/v2\/comments?post=190409"}],"wp:featuredmedia":[{"embeddable":true,"href":"https:\/\/www.laperlavalles.cat\/fr\/wp-json\/wp\/v2\/media\/190392"}],"wp:attachment":[{"href":"https:\/\/www.laperlavalles.cat\/fr\/wp-json\/wp\/v2\/media?parent=190409"}],"wp:term":[{"taxonomy":"product_cat","embeddable":true,"href":"https:\/\/www.laperlavalles.cat\/fr\/wp-json\/wp\/v2\/product_cat?post=190409"},{"taxonomy":"product_tag","embeddable":true,"href":"https:\/\/www.laperlavalles.cat\/fr\/wp-json\/wp\/v2\/product_tag?post=190409"}],"curies":[{"name":"wp","href":"https:\/\/api.w.org\/{rel}","templated":true}]}}