{"id":190429,"date":"2025-03-19T10:35:14","date_gmt":"2025-03-19T09:35:31","guid":{"rendered":"https:\/\/www.laperlavalles.cat\/product\/shea-moisture-shea-butter-moist-shampoo-384ml\/"},"modified":"2025-03-19T10:53:03","modified_gmt":"2025-03-19T09:53:03","slug":"shea-moisture-shea-butter-moist-shampoo-384ml","status":"publish","type":"product","link":"https:\/\/www.laperlavalles.cat\/fr\/produit\/shea-moisture-shea-butter-moist-shampoo-384ml\/","title":{"rendered":"SHEA MOISTURE SHEA BUTTER MOIST SHAMPOO 384ML"},"content":{"rendered":"<p>Le SHEA MOISTURE SHEA BUTTER MOIST SHAMPOO 384ML nettoie en douceur tout en apportant une hydratation intense aux cheveux secs et ab\u00eem\u00e9s. Formul\u00e9 avec du beurre de karit\u00e9, il nourrit en profondeur, adoucit et restaure la brillance naturelle des cheveux.<\/p>\n","protected":false},"excerpt":{"rendered":"<p>Le SHEA MOISTURE SHEA BUTTER MOIST SHAMPOO 384ML nettoie en douceur tout en apportant une hydratation intense aux cheveux secs et ab\u00eem\u00e9s. Formul\u00e9 avec du beurre<span class=\"excerpt-hellip\"> [\u2026]<\/span><\/p>\n","protected":false},"featured_media":190412,"comment_status":"open","ping_status":"closed","template":"","meta":[],"product_cat":[8461,24331],"product_tag":[],"_links":{"self":[{"href":"https:\/\/www.laperlavalles.cat\/fr\/wp-json\/wp\/v2\/product\/190429"}],"collection":[{"href":"https:\/\/www.laperlavalles.cat\/fr\/wp-json\/wp\/v2\/product"}],"about":[{"href":"https:\/\/www.laperlavalles.cat\/fr\/wp-json\/wp\/v2\/types\/product"}],"replies":[{"embeddable":true,"href":"https:\/\/www.laperlavalles.cat\/fr\/wp-json\/wp\/v2\/comments?post=190429"}],"wp:featuredmedia":[{"embeddable":true,"href":"https:\/\/www.laperlavalles.cat\/fr\/wp-json\/wp\/v2\/media\/190412"}],"wp:attachment":[{"href":"https:\/\/www.laperlavalles.cat\/fr\/wp-json\/wp\/v2\/media?parent=190429"}],"wp:term":[{"taxonomy":"product_cat","embeddable":true,"href":"https:\/\/www.laperlavalles.cat\/fr\/wp-json\/wp\/v2\/product_cat?post=190429"},{"taxonomy":"product_tag","embeddable":true,"href":"https:\/\/www.laperlavalles.cat\/fr\/wp-json\/wp\/v2\/product_tag?post=190429"}],"curies":[{"name":"wp","href":"https:\/\/api.w.org\/{rel}","templated":true}]}}