{"id":190489,"date":"2025-03-24T09:20:40","date_gmt":"2025-03-24T08:20:57","guid":{"rendered":"https:\/\/www.laperlavalles.cat\/product\/hawaiian-silky-14-in-1-repair-mascara-547g\/"},"modified":"2025-05-13T17:12:12","modified_gmt":"2025-05-13T15:12:12","slug":"hawaiian-silky-14-in-1-repair-mascara-547g","status":"publish","type":"product","link":"https:\/\/www.laperlavalles.cat\/fr\/produit\/hawaiian-silky-14-in-1-repair-mascara-547g\/","title":{"rendered":"HAWAIIAN SILKY 14-IN-1 REPAIR MASCARA 547G"},"content":{"rendered":"<p>Le HAWAIIAN SILKY 14-IN-1 REPAIR MASQUE 547G est un traitement intensif con\u00e7u pour r\u00e9parer et revitaliser les cheveux secs et ab\u00eem\u00e9s. Sa formule 14-en-1 hydrate en profondeur, renforce les m\u00e8ches fragiles et aide \u00e0 restaurer la douceur et la brillance naturelle.<\/p>\n","protected":false},"excerpt":{"rendered":"<p>Le HAWAIIAN SILKY 14-IN-1 REPAIR MASQUE 547G est un traitement intensif con\u00e7u pour r\u00e9parer et revitaliser les cheveux secs et ab\u00eem\u00e9s. Sa formule 14-en-1 hydrate en<span class=\"excerpt-hellip\"> [\u2026]<\/span><\/p>\n","protected":false},"featured_media":190472,"comment_status":"open","ping_status":"closed","template":"","meta":[],"product_cat":[8461,24331],"product_tag":[],"_links":{"self":[{"href":"https:\/\/www.laperlavalles.cat\/fr\/wp-json\/wp\/v2\/product\/190489"}],"collection":[{"href":"https:\/\/www.laperlavalles.cat\/fr\/wp-json\/wp\/v2\/product"}],"about":[{"href":"https:\/\/www.laperlavalles.cat\/fr\/wp-json\/wp\/v2\/types\/product"}],"replies":[{"embeddable":true,"href":"https:\/\/www.laperlavalles.cat\/fr\/wp-json\/wp\/v2\/comments?post=190489"}],"wp:featuredmedia":[{"embeddable":true,"href":"https:\/\/www.laperlavalles.cat\/fr\/wp-json\/wp\/v2\/media\/190472"}],"wp:attachment":[{"href":"https:\/\/www.laperlavalles.cat\/fr\/wp-json\/wp\/v2\/media?parent=190489"}],"wp:term":[{"taxonomy":"product_cat","embeddable":true,"href":"https:\/\/www.laperlavalles.cat\/fr\/wp-json\/wp\/v2\/product_cat?post=190489"},{"taxonomy":"product_tag","embeddable":true,"href":"https:\/\/www.laperlavalles.cat\/fr\/wp-json\/wp\/v2\/product_tag?post=190489"}],"curies":[{"name":"wp","href":"https:\/\/api.w.org\/{rel}","templated":true}]}}