{"id":190569,"date":"2025-03-24T09:30:41","date_gmt":"2025-03-24T08:30:59","guid":{"rendered":"https:\/\/www.laperlavalles.cat\/product\/hawaiian-silky-argan-oil-masque-340g\/"},"modified":"2025-05-13T17:42:14","modified_gmt":"2025-05-13T15:42:14","slug":"hawaiian-silky-argan-oil-masque-340g","status":"publish","type":"product","link":"https:\/\/www.laperlavalles.cat\/fr\/produit\/hawaiian-silky-argan-oil-masque-340g\/","title":{"rendered":"HAWAIIAN SILKY ARGAN OIL MASQUE 340G"},"content":{"rendered":"<p>Le HAWAIIAN SILKY ARGAN OIL MASQUE 340G est un traitement intensif qui nourrit et r\u00e9pare les cheveux secs et ab\u00eem\u00e9s. Gr\u00e2ce \u00e0 l&rsquo;huile d&rsquo;argan, il restaure l&rsquo;hydratation, apporte douceur et brillance, tout en renfor\u00e7ant la fibre capillaire.<\/p>\n","protected":false},"excerpt":{"rendered":"<p>Le HAWAIIAN SILKY ARGAN OIL MASQUE 340G est un traitement intensif qui nourrit et r\u00e9pare les cheveux secs et ab\u00eem\u00e9s. Gr\u00e2ce \u00e0 l&rsquo;huile d&rsquo;argan, il restaure<span class=\"excerpt-hellip\"> [\u2026]<\/span><\/p>\n","protected":false},"featured_media":190552,"comment_status":"open","ping_status":"closed","template":"","meta":[],"product_cat":[8461,24331],"product_tag":[],"_links":{"self":[{"href":"https:\/\/www.laperlavalles.cat\/fr\/wp-json\/wp\/v2\/product\/190569"}],"collection":[{"href":"https:\/\/www.laperlavalles.cat\/fr\/wp-json\/wp\/v2\/product"}],"about":[{"href":"https:\/\/www.laperlavalles.cat\/fr\/wp-json\/wp\/v2\/types\/product"}],"replies":[{"embeddable":true,"href":"https:\/\/www.laperlavalles.cat\/fr\/wp-json\/wp\/v2\/comments?post=190569"}],"wp:featuredmedia":[{"embeddable":true,"href":"https:\/\/www.laperlavalles.cat\/fr\/wp-json\/wp\/v2\/media\/190552"}],"wp:attachment":[{"href":"https:\/\/www.laperlavalles.cat\/fr\/wp-json\/wp\/v2\/media?parent=190569"}],"wp:term":[{"taxonomy":"product_cat","embeddable":true,"href":"https:\/\/www.laperlavalles.cat\/fr\/wp-json\/wp\/v2\/product_cat?post=190569"},{"taxonomy":"product_tag","embeddable":true,"href":"https:\/\/www.laperlavalles.cat\/fr\/wp-json\/wp\/v2\/product_tag?post=190569"}],"curies":[{"name":"wp","href":"https:\/\/api.w.org\/{rel}","templated":true}]}}