{"id":190589,"date":"2025-03-24T09:32:22","date_gmt":"2025-03-24T08:32:39","guid":{"rendered":"https:\/\/www.laperlavalles.cat\/product\/hawaiian-silky-argan-oil-relaxer-regular-2appl\/"},"modified":"2025-05-16T13:41:49","modified_gmt":"2025-05-16T11:41:49","slug":"hawaiian-silky-argan-oil-relaxer-regular-2appl","status":"publish","type":"product","link":"https:\/\/www.laperlavalles.cat\/fr\/produit\/hawaiian-silky-argan-oil-relaxer-regular-2appl\/","title":{"rendered":"HAWAIIAN SILKY ARGAN OIL RELAXER REGULAR 2APPL"},"content":{"rendered":"<p>Le HAWAIIAN SILKY ARGAN OIL RELAXER REGULAR 2APPL est un d\u00e9frisant enrichi \u00e0 l\u2019huile d\u2019argan, con\u00e7u pour assouplir les cheveux tout en les nourrissant. Sa formule douce aide \u00e0 r\u00e9duire les frisottis et \u00e0 laisser les cheveux lisses, brillants et r\u00e9sistants.<\/p>\n","protected":false},"excerpt":{"rendered":"<p>Le HAWAIIAN SILKY ARGAN OIL RELAXER REGULAR 2APPL est un d\u00e9frisant enrichi \u00e0 l\u2019huile d\u2019argan, con\u00e7u pour assouplir les cheveux tout en les nourrissant. Sa formule<span class=\"excerpt-hellip\"> [\u2026]<\/span><\/p>\n","protected":false},"featured_media":190572,"comment_status":"open","ping_status":"closed","template":"","meta":[],"product_cat":[8461,24331],"product_tag":[],"_links":{"self":[{"href":"https:\/\/www.laperlavalles.cat\/fr\/wp-json\/wp\/v2\/product\/190589"}],"collection":[{"href":"https:\/\/www.laperlavalles.cat\/fr\/wp-json\/wp\/v2\/product"}],"about":[{"href":"https:\/\/www.laperlavalles.cat\/fr\/wp-json\/wp\/v2\/types\/product"}],"replies":[{"embeddable":true,"href":"https:\/\/www.laperlavalles.cat\/fr\/wp-json\/wp\/v2\/comments?post=190589"}],"wp:featuredmedia":[{"embeddable":true,"href":"https:\/\/www.laperlavalles.cat\/fr\/wp-json\/wp\/v2\/media\/190572"}],"wp:attachment":[{"href":"https:\/\/www.laperlavalles.cat\/fr\/wp-json\/wp\/v2\/media?parent=190589"}],"wp:term":[{"taxonomy":"product_cat","embeddable":true,"href":"https:\/\/www.laperlavalles.cat\/fr\/wp-json\/wp\/v2\/product_cat?post=190589"},{"taxonomy":"product_tag","embeddable":true,"href":"https:\/\/www.laperlavalles.cat\/fr\/wp-json\/wp\/v2\/product_tag?post=190589"}],"curies":[{"name":"wp","href":"https:\/\/api.w.org\/{rel}","templated":true}]}}