{"id":190609,"date":"2025-03-24T09:33:42","date_gmt":"2025-03-24T08:33:59","guid":{"rendered":"https:\/\/www.laperlavalles.cat\/product\/hawaiian-silky-argan-oil-relaxer-super-2appl\/"},"modified":"2025-05-16T12:21:49","modified_gmt":"2025-05-16T10:21:49","slug":"hawaiian-silky-argan-oil-relaxer-super-2appl","status":"publish","type":"product","link":"https:\/\/www.laperlavalles.cat\/fr\/produit\/hawaiian-silky-argan-oil-relaxer-super-2appl\/","title":{"rendered":"HAWAIIAN SILKY ARGAN OIL RELAXER SUPER 2APPL"},"content":{"rendered":"<p>Le HAWAIIAN SILKY ARGAN OIL RELAXER SUPER 2APPL est un d\u00e9frisant puissant \u00e0 l\u2019huile d\u2019argan, con\u00e7u pour lisser intens\u00e9ment les cheveux \u00e9pais et r\u00e9sistants. Sa formule nourrit en profondeur, r\u00e9duisant les frisottis et laissant les cheveux brillants et soyeux.<\/p>\n","protected":false},"excerpt":{"rendered":"<p>Le HAWAIIAN SILKY ARGAN OIL RELAXER SUPER 2APPL est un d\u00e9frisant puissant \u00e0 l\u2019huile d\u2019argan, con\u00e7u pour lisser intens\u00e9ment les cheveux \u00e9pais et r\u00e9sistants. Sa formule<span class=\"excerpt-hellip\"> [\u2026]<\/span><\/p>\n","protected":false},"featured_media":190592,"comment_status":"open","ping_status":"closed","template":"","meta":[],"product_cat":[8461,24331],"product_tag":[],"_links":{"self":[{"href":"https:\/\/www.laperlavalles.cat\/fr\/wp-json\/wp\/v2\/product\/190609"}],"collection":[{"href":"https:\/\/www.laperlavalles.cat\/fr\/wp-json\/wp\/v2\/product"}],"about":[{"href":"https:\/\/www.laperlavalles.cat\/fr\/wp-json\/wp\/v2\/types\/product"}],"replies":[{"embeddable":true,"href":"https:\/\/www.laperlavalles.cat\/fr\/wp-json\/wp\/v2\/comments?post=190609"}],"wp:featuredmedia":[{"embeddable":true,"href":"https:\/\/www.laperlavalles.cat\/fr\/wp-json\/wp\/v2\/media\/190592"}],"wp:attachment":[{"href":"https:\/\/www.laperlavalles.cat\/fr\/wp-json\/wp\/v2\/media?parent=190609"}],"wp:term":[{"taxonomy":"product_cat","embeddable":true,"href":"https:\/\/www.laperlavalles.cat\/fr\/wp-json\/wp\/v2\/product_cat?post=190609"},{"taxonomy":"product_tag","embeddable":true,"href":"https:\/\/www.laperlavalles.cat\/fr\/wp-json\/wp\/v2\/product_tag?post=190609"}],"curies":[{"name":"wp","href":"https:\/\/api.w.org\/{rel}","templated":true}]}}