{"id":190649,"date":"2025-03-24T09:36:42","date_gmt":"2025-03-24T08:36:58","guid":{"rendered":"https:\/\/www.laperlavalles.cat\/product\/aunt-jackies-transform-leave-in-conditioner-426g\/"},"modified":"2025-04-30T13:23:01","modified_gmt":"2025-04-30T11:23:01","slug":"aunt-jackies-transform-leave-in-conditioner-426g","status":"publish","type":"product","link":"https:\/\/www.laperlavalles.cat\/fr\/produit\/aunt-jackies-transform-leave-in-conditioner-426g\/","title":{"rendered":"AUNT JACKIE&rsquo;S TRANSFORM LEAVE-IN CONDITIONER 426G"},"content":{"rendered":"<p>Le AUNT JACKIE&rsquo;S TRANSFORM LEAVE-IN CONDITIONER est un soin sans rin\u00e7age ultra-hydratant qui nourrit, adoucit et facilite le d\u00e9m\u00ealage des cheveux. Id\u00e9al pour les cheveux boucl\u00e9s, fris\u00e9s et cr\u00e9pus, il aide \u00e0 r\u00e9duire la casse et \u00e0 am\u00e9liorer la d\u00e9finition des boucles.<\/p>\n","protected":false},"excerpt":{"rendered":"<p>Le AUNT JACKIE&rsquo;S TRANSFORM LEAVE-IN CONDITIONER est un soin sans rin\u00e7age ultra-hydratant qui nourrit, adoucit et facilite le d\u00e9m\u00ealage des cheveux. Id\u00e9al pour les cheveux boucl\u00e9s,<span class=\"excerpt-hellip\"> [\u2026]<\/span><\/p>\n","protected":false},"featured_media":190632,"comment_status":"open","ping_status":"closed","template":"","meta":[],"product_cat":[8461,24331],"product_tag":[],"_links":{"self":[{"href":"https:\/\/www.laperlavalles.cat\/fr\/wp-json\/wp\/v2\/product\/190649"}],"collection":[{"href":"https:\/\/www.laperlavalles.cat\/fr\/wp-json\/wp\/v2\/product"}],"about":[{"href":"https:\/\/www.laperlavalles.cat\/fr\/wp-json\/wp\/v2\/types\/product"}],"replies":[{"embeddable":true,"href":"https:\/\/www.laperlavalles.cat\/fr\/wp-json\/wp\/v2\/comments?post=190649"}],"wp:featuredmedia":[{"embeddable":true,"href":"https:\/\/www.laperlavalles.cat\/fr\/wp-json\/wp\/v2\/media\/190632"}],"wp:attachment":[{"href":"https:\/\/www.laperlavalles.cat\/fr\/wp-json\/wp\/v2\/media?parent=190649"}],"wp:term":[{"taxonomy":"product_cat","embeddable":true,"href":"https:\/\/www.laperlavalles.cat\/fr\/wp-json\/wp\/v2\/product_cat?post=190649"},{"taxonomy":"product_tag","embeddable":true,"href":"https:\/\/www.laperlavalles.cat\/fr\/wp-json\/wp\/v2\/product_tag?post=190649"}],"curies":[{"name":"wp","href":"https:\/\/api.w.org\/{rel}","templated":true}]}}