{"id":190669,"date":"2025-03-24T09:40:41","date_gmt":"2025-03-24T08:40:58","guid":{"rendered":"https:\/\/www.laperlavalles.cat\/product\/aunt-jackies-quench-moisture-intensive-leave-in-conditioner-355ml\/"},"modified":"2025-03-24T10:17:14","modified_gmt":"2025-03-24T09:17:14","slug":"aunt-jackies-quench-moisture-intensive-leave-in-conditioner-355ml","status":"publish","type":"product","link":"https:\/\/www.laperlavalles.cat\/fr\/produit\/aunt-jackies-quench-moisture-intensive-leave-in-conditioner-355ml\/","title":{"rendered":"AUNT JACKIE&rsquo;S QUENCH MOISTURE INTENSIVE LEAVE-IN CONDITIONER 355ML"},"content":{"rendered":"<p>Le AUNT JACKIE&rsquo;S QUENCH MOISTURE INTENSIVE LEAVE-IN CONDITIONER est un soin sans rin\u00e7age ultra-hydratant con\u00e7u pour nourrir en profondeur les cheveux secs et assoiff\u00e9s. Sa formule riche aide \u00e0 d\u00e9finir les boucles, \u00e0 r\u00e9duire les frisottis et \u00e0 am\u00e9liorer la maniabilit\u00e9 des cheveux boucl\u00e9s, fris\u00e9s et cr\u00e9pus.<\/p>\n","protected":false},"excerpt":{"rendered":"<p>Le AUNT JACKIE&rsquo;S QUENCH MOISTURE INTENSIVE LEAVE-IN CONDITIONER est un soin sans rin\u00e7age ultra-hydratant con\u00e7u pour nourrir en profondeur les cheveux secs et assoiff\u00e9s. Sa formule<span class=\"excerpt-hellip\"> [\u2026]<\/span><\/p>\n","protected":false},"featured_media":190652,"comment_status":"open","ping_status":"closed","template":"","meta":[],"product_cat":[8461,24331],"product_tag":[],"_links":{"self":[{"href":"https:\/\/www.laperlavalles.cat\/fr\/wp-json\/wp\/v2\/product\/190669"}],"collection":[{"href":"https:\/\/www.laperlavalles.cat\/fr\/wp-json\/wp\/v2\/product"}],"about":[{"href":"https:\/\/www.laperlavalles.cat\/fr\/wp-json\/wp\/v2\/types\/product"}],"replies":[{"embeddable":true,"href":"https:\/\/www.laperlavalles.cat\/fr\/wp-json\/wp\/v2\/comments?post=190669"}],"wp:featuredmedia":[{"embeddable":true,"href":"https:\/\/www.laperlavalles.cat\/fr\/wp-json\/wp\/v2\/media\/190652"}],"wp:attachment":[{"href":"https:\/\/www.laperlavalles.cat\/fr\/wp-json\/wp\/v2\/media?parent=190669"}],"wp:term":[{"taxonomy":"product_cat","embeddable":true,"href":"https:\/\/www.laperlavalles.cat\/fr\/wp-json\/wp\/v2\/product_cat?post=190669"},{"taxonomy":"product_tag","embeddable":true,"href":"https:\/\/www.laperlavalles.cat\/fr\/wp-json\/wp\/v2\/product_tag?post=190669"}],"curies":[{"name":"wp","href":"https:\/\/api.w.org\/{rel}","templated":true}]}}