{"id":190689,"date":"2025-03-24T09:42:25","date_gmt":"2025-03-24T08:42:41","guid":{"rendered":"https:\/\/www.laperlavalles.cat\/product\/aunt-jackies-curl-la-la-defining-curl-custard-426g\/"},"modified":"2025-03-24T10:18:52","modified_gmt":"2025-03-24T09:18:52","slug":"aunt-jackies-curl-la-la-defining-curl-custard-426g","status":"publish","type":"product","link":"https:\/\/www.laperlavalles.cat\/fr\/produit\/aunt-jackies-curl-la-la-defining-curl-custard-426g\/","title":{"rendered":"AUNT JACKIE&rsquo;S CURL LA LA DEFINING CURL CUSTARD 426G"},"content":{"rendered":"<p>Le AUNT JACKIE&rsquo;S CURL LA LA DEFINING CURL CUSTARD est une cr\u00e8me coiffante ultra-d\u00e9finissante qui hydrate et nourrit les boucles. Sa formule enrichie en beurre de karit\u00e9 et en huile d&rsquo;olive aide \u00e0 contr\u00f4ler les frisottis, \u00e0 d\u00e9finir les boucles et \u00e0 donner de la brillance sans alourdir les cheveux.<\/p>\n","protected":false},"excerpt":{"rendered":"<p>Le AUNT JACKIE&rsquo;S CURL LA LA DEFINING CURL CUSTARD est une cr\u00e8me coiffante ultra-d\u00e9finissante qui hydrate et nourrit les boucles. Sa formule enrichie en beurre de<span class=\"excerpt-hellip\"> [\u2026]<\/span><\/p>\n","protected":false},"featured_media":190672,"comment_status":"open","ping_status":"closed","template":"","meta":[],"product_cat":[8461,24331],"product_tag":[],"_links":{"self":[{"href":"https:\/\/www.laperlavalles.cat\/fr\/wp-json\/wp\/v2\/product\/190689"}],"collection":[{"href":"https:\/\/www.laperlavalles.cat\/fr\/wp-json\/wp\/v2\/product"}],"about":[{"href":"https:\/\/www.laperlavalles.cat\/fr\/wp-json\/wp\/v2\/types\/product"}],"replies":[{"embeddable":true,"href":"https:\/\/www.laperlavalles.cat\/fr\/wp-json\/wp\/v2\/comments?post=190689"}],"wp:featuredmedia":[{"embeddable":true,"href":"https:\/\/www.laperlavalles.cat\/fr\/wp-json\/wp\/v2\/media\/190672"}],"wp:attachment":[{"href":"https:\/\/www.laperlavalles.cat\/fr\/wp-json\/wp\/v2\/media?parent=190689"}],"wp:term":[{"taxonomy":"product_cat","embeddable":true,"href":"https:\/\/www.laperlavalles.cat\/fr\/wp-json\/wp\/v2\/product_cat?post=190689"},{"taxonomy":"product_tag","embeddable":true,"href":"https:\/\/www.laperlavalles.cat\/fr\/wp-json\/wp\/v2\/product_tag?post=190689"}],"curies":[{"name":"wp","href":"https:\/\/api.w.org\/{rel}","templated":true}]}}