{"id":190709,"date":"2025-03-24T09:50:41","date_gmt":"2025-03-24T08:50:59","guid":{"rendered":"https:\/\/www.laperlavalles.cat\/product\/aunt-jackies-in-control-conditioner-426g\/"},"modified":"2025-03-24T10:20:32","modified_gmt":"2025-03-24T09:20:32","slug":"aunt-jackies-in-control-conditioner-426g","status":"publish","type":"product","link":"https:\/\/www.laperlavalles.cat\/fr\/produit\/aunt-jackies-in-control-conditioner-426g\/","title":{"rendered":"AUNT JACKIE&rsquo;S IN CONTROL CONDITIONER 426G"},"content":{"rendered":"<p>Le AUNT JACKIE&rsquo;S IN CONTROL CONDITIONER est un apr\u00e8s-shampooing hydratant et adoucissant con\u00e7u pour revitaliser les cheveux secs et ab\u00eem\u00e9s. Enrichi en beurre de karit\u00e9, huile d&rsquo;olive et k\u00e9ratine, il aide \u00e0 d\u00e9m\u00ealer, nourrir et restaurer l&rsquo;\u00e9lasticit\u00e9 naturelle des cheveux.<\/p>\n","protected":false},"excerpt":{"rendered":"<p>Le AUNT JACKIE&rsquo;S IN CONTROL CONDITIONER est un apr\u00e8s-shampooing hydratant et adoucissant con\u00e7u pour revitaliser les cheveux secs et ab\u00eem\u00e9s. Enrichi en beurre de karit\u00e9, huile<span class=\"excerpt-hellip\"> [\u2026]<\/span><\/p>\n","protected":false},"featured_media":190692,"comment_status":"open","ping_status":"closed","template":"","meta":[],"product_cat":[8461,24331],"product_tag":[],"_links":{"self":[{"href":"https:\/\/www.laperlavalles.cat\/fr\/wp-json\/wp\/v2\/product\/190709"}],"collection":[{"href":"https:\/\/www.laperlavalles.cat\/fr\/wp-json\/wp\/v2\/product"}],"about":[{"href":"https:\/\/www.laperlavalles.cat\/fr\/wp-json\/wp\/v2\/types\/product"}],"replies":[{"embeddable":true,"href":"https:\/\/www.laperlavalles.cat\/fr\/wp-json\/wp\/v2\/comments?post=190709"}],"wp:featuredmedia":[{"embeddable":true,"href":"https:\/\/www.laperlavalles.cat\/fr\/wp-json\/wp\/v2\/media\/190692"}],"wp:attachment":[{"href":"https:\/\/www.laperlavalles.cat\/fr\/wp-json\/wp\/v2\/media?parent=190709"}],"wp:term":[{"taxonomy":"product_cat","embeddable":true,"href":"https:\/\/www.laperlavalles.cat\/fr\/wp-json\/wp\/v2\/product_cat?post=190709"},{"taxonomy":"product_tag","embeddable":true,"href":"https:\/\/www.laperlavalles.cat\/fr\/wp-json\/wp\/v2\/product_tag?post=190709"}],"curies":[{"name":"wp","href":"https:\/\/api.w.org\/{rel}","templated":true}]}}