{"id":190729,"date":"2025-03-24T09:52:20","date_gmt":"2025-03-24T08:52:37","guid":{"rendered":"https:\/\/www.laperlavalles.cat\/product\/aunt-jackies-knot-on-my-watch-instant-detangling-therapy-355ml\/"},"modified":"2025-03-24T10:22:22","modified_gmt":"2025-03-24T09:22:22","slug":"aunt-jackies-knot-on-my-watch-instant-detangling-therapy-355ml","status":"publish","type":"product","link":"https:\/\/www.laperlavalles.cat\/fr\/produit\/aunt-jackies-knot-on-my-watch-instant-detangling-therapy-355ml\/","title":{"rendered":"AUNT JACKIE&rsquo;S KNOT ON MY WATCH INSTANT DETANGLING THERAPY 355ML"},"content":{"rendered":"<p>Le AUNT JACKIE&rsquo;S KNOT ON MY WATCH est un soin d\u00e9m\u00ealant instantan\u00e9 qui facilite le coiffage des cheveux emm\u00eal\u00e9s et difficiles \u00e0 g\u00e9rer. Sa formule enrichie en beurre de karit\u00e9 et en huile d&rsquo;olive hydrate, adoucit et prot\u00e8ge les cheveux contre la casse.<\/p>\n","protected":false},"excerpt":{"rendered":"<p>Le AUNT JACKIE&rsquo;S KNOT ON MY WATCH est un soin d\u00e9m\u00ealant instantan\u00e9 qui facilite le coiffage des cheveux emm\u00eal\u00e9s et difficiles \u00e0 g\u00e9rer. Sa formule enrichie<span class=\"excerpt-hellip\"> [\u2026]<\/span><\/p>\n","protected":false},"featured_media":190712,"comment_status":"open","ping_status":"closed","template":"","meta":[],"product_cat":[8461,24331],"product_tag":[],"_links":{"self":[{"href":"https:\/\/www.laperlavalles.cat\/fr\/wp-json\/wp\/v2\/product\/190729"}],"collection":[{"href":"https:\/\/www.laperlavalles.cat\/fr\/wp-json\/wp\/v2\/product"}],"about":[{"href":"https:\/\/www.laperlavalles.cat\/fr\/wp-json\/wp\/v2\/types\/product"}],"replies":[{"embeddable":true,"href":"https:\/\/www.laperlavalles.cat\/fr\/wp-json\/wp\/v2\/comments?post=190729"}],"wp:featuredmedia":[{"embeddable":true,"href":"https:\/\/www.laperlavalles.cat\/fr\/wp-json\/wp\/v2\/media\/190712"}],"wp:attachment":[{"href":"https:\/\/www.laperlavalles.cat\/fr\/wp-json\/wp\/v2\/media?parent=190729"}],"wp:term":[{"taxonomy":"product_cat","embeddable":true,"href":"https:\/\/www.laperlavalles.cat\/fr\/wp-json\/wp\/v2\/product_cat?post=190729"},{"taxonomy":"product_tag","embeddable":true,"href":"https:\/\/www.laperlavalles.cat\/fr\/wp-json\/wp\/v2\/product_tag?post=190729"}],"curies":[{"name":"wp","href":"https:\/\/api.w.org\/{rel}","templated":true}]}}