{"id":190749,"date":"2025-03-24T09:54:02","date_gmt":"2025-03-24T08:54:19","guid":{"rendered":"https:\/\/www.laperlavalles.cat\/product\/aunt-jackies-oh-so-clean-shampoo-355ml\/"},"modified":"2025-03-24T10:24:01","modified_gmt":"2025-03-24T09:24:01","slug":"aunt-jackies-oh-so-clean-shampoo-355ml","status":"publish","type":"product","link":"https:\/\/www.laperlavalles.cat\/fr\/produit\/aunt-jackies-oh-so-clean-shampoo-355ml\/","title":{"rendered":"AUNT JACKIE&rsquo;S OH SO CLEAN SHAMPOO 355ML"},"content":{"rendered":"<p>Le AUNT JACKIE&rsquo;S OH SO CLEAN SHAMPOO est un shampooing hydratant et nettoyant en profondeur, parfait pour les cheveux boucl\u00e9s, fris\u00e9s et cr\u00e9pus. Enrichi en beurre de karit\u00e9 et huile d\u2019olive, il \u00e9limine les impuret\u00e9s sans dess\u00e9cher les cheveux.<\/p>\n","protected":false},"excerpt":{"rendered":"<p>Le AUNT JACKIE&rsquo;S OH SO CLEAN SHAMPOO est un shampooing hydratant et nettoyant en profondeur, parfait pour les cheveux boucl\u00e9s, fris\u00e9s et cr\u00e9pus. Enrichi en beurre<span class=\"excerpt-hellip\"> [\u2026]<\/span><\/p>\n","protected":false},"featured_media":190732,"comment_status":"open","ping_status":"closed","template":"","meta":[],"product_cat":[8461,24331],"product_tag":[],"_links":{"self":[{"href":"https:\/\/www.laperlavalles.cat\/fr\/wp-json\/wp\/v2\/product\/190749"}],"collection":[{"href":"https:\/\/www.laperlavalles.cat\/fr\/wp-json\/wp\/v2\/product"}],"about":[{"href":"https:\/\/www.laperlavalles.cat\/fr\/wp-json\/wp\/v2\/types\/product"}],"replies":[{"embeddable":true,"href":"https:\/\/www.laperlavalles.cat\/fr\/wp-json\/wp\/v2\/comments?post=190749"}],"wp:featuredmedia":[{"embeddable":true,"href":"https:\/\/www.laperlavalles.cat\/fr\/wp-json\/wp\/v2\/media\/190732"}],"wp:attachment":[{"href":"https:\/\/www.laperlavalles.cat\/fr\/wp-json\/wp\/v2\/media?parent=190749"}],"wp:term":[{"taxonomy":"product_cat","embeddable":true,"href":"https:\/\/www.laperlavalles.cat\/fr\/wp-json\/wp\/v2\/product_cat?post=190749"},{"taxonomy":"product_tag","embeddable":true,"href":"https:\/\/www.laperlavalles.cat\/fr\/wp-json\/wp\/v2\/product_tag?post=190749"}],"curies":[{"name":"wp","href":"https:\/\/api.w.org\/{rel}","templated":true}]}}