{"id":190789,"date":"2025-03-24T09:57:24","date_gmt":"2025-03-24T08:57:41","guid":{"rendered":"https:\/\/www.laperlavalles.cat\/product\/aunt-jackies-curl-mane-tenance-426g\/"},"modified":"2025-03-24T10:27:31","modified_gmt":"2025-03-24T09:27:31","slug":"aunt-jackies-curl-mane-tenance-426g","status":"publish","type":"product","link":"https:\/\/www.laperlavalles.cat\/fr\/produit\/aunt-jackies-curl-mane-tenance-426g\/","title":{"rendered":"AUNT JACKIE&rsquo;S CURL MANE-TENANCE 426G"},"content":{"rendered":"<p>Le AUNT JACKIE&rsquo;S CURL MANE-TENANCE est une cr\u00e8me coiffante l\u00e9g\u00e8re qui d\u00e9finit et maintient les boucles tout en les nourrissant. Enrichie en beurre de karit\u00e9 et en huile d&rsquo;olive, elle laisse les cheveux doux et hydrat\u00e9s.<\/p>\n","protected":false},"excerpt":{"rendered":"<p>Le AUNT JACKIE&rsquo;S CURL MANE-TENANCE est une cr\u00e8me coiffante l\u00e9g\u00e8re qui d\u00e9finit et maintient les boucles tout en les nourrissant. Enrichie en beurre de karit\u00e9 et<span class=\"excerpt-hellip\"> [\u2026]<\/span><\/p>\n","protected":false},"featured_media":190772,"comment_status":"open","ping_status":"closed","template":"","meta":[],"product_cat":[8461,24331],"product_tag":[],"_links":{"self":[{"href":"https:\/\/www.laperlavalles.cat\/fr\/wp-json\/wp\/v2\/product\/190789"}],"collection":[{"href":"https:\/\/www.laperlavalles.cat\/fr\/wp-json\/wp\/v2\/product"}],"about":[{"href":"https:\/\/www.laperlavalles.cat\/fr\/wp-json\/wp\/v2\/types\/product"}],"replies":[{"embeddable":true,"href":"https:\/\/www.laperlavalles.cat\/fr\/wp-json\/wp\/v2\/comments?post=190789"}],"wp:featuredmedia":[{"embeddable":true,"href":"https:\/\/www.laperlavalles.cat\/fr\/wp-json\/wp\/v2\/media\/190772"}],"wp:attachment":[{"href":"https:\/\/www.laperlavalles.cat\/fr\/wp-json\/wp\/v2\/media?parent=190789"}],"wp:term":[{"taxonomy":"product_cat","embeddable":true,"href":"https:\/\/www.laperlavalles.cat\/fr\/wp-json\/wp\/v2\/product_cat?post=190789"},{"taxonomy":"product_tag","embeddable":true,"href":"https:\/\/www.laperlavalles.cat\/fr\/wp-json\/wp\/v2\/product_tag?post=190789"}],"curies":[{"name":"wp","href":"https:\/\/api.w.org\/{rel}","templated":true}]}}