{"id":190809,"date":"2025-03-24T09:59:07","date_gmt":"2025-03-24T08:59:24","guid":{"rendered":"https:\/\/www.laperlavalles.cat\/product\/aunt-jackies-frizz-patrol-setting-mousse-244ml\/"},"modified":"2025-03-24T10:29:16","modified_gmt":"2025-03-24T09:29:16","slug":"aunt-jackies-frizz-patrol-setting-mousse-244ml","status":"publish","type":"product","link":"https:\/\/www.laperlavalles.cat\/fr\/produit\/aunt-jackies-frizz-patrol-setting-mousse-244ml\/","title":{"rendered":"AUNT JACKIE&rsquo;S FRIZZ PATROL SETTING MOUSSE 244ML"},"content":{"rendered":"<p>La AUNT JACKIE&rsquo;S FRIZZ PATROL SETTING MOUSSE est une mousse coiffante anti-frisottis qui offre une tenue l\u00e9g\u00e8re et une d\u00e9finition durable des boucles. Sa formule enrichie en huile de coco et en beurre de karit\u00e9 hydrate et prot\u00e8ge les cheveux.<\/p>\n","protected":false},"excerpt":{"rendered":"<p>La AUNT JACKIE&rsquo;S FRIZZ PATROL SETTING MOUSSE est une mousse coiffante anti-frisottis qui offre une tenue l\u00e9g\u00e8re et une d\u00e9finition durable des boucles. Sa formule enrichie<span class=\"excerpt-hellip\"> [\u2026]<\/span><\/p>\n","protected":false},"featured_media":190792,"comment_status":"open","ping_status":"closed","template":"","meta":[],"product_cat":[8461,24331],"product_tag":[],"_links":{"self":[{"href":"https:\/\/www.laperlavalles.cat\/fr\/wp-json\/wp\/v2\/product\/190809"}],"collection":[{"href":"https:\/\/www.laperlavalles.cat\/fr\/wp-json\/wp\/v2\/product"}],"about":[{"href":"https:\/\/www.laperlavalles.cat\/fr\/wp-json\/wp\/v2\/types\/product"}],"replies":[{"embeddable":true,"href":"https:\/\/www.laperlavalles.cat\/fr\/wp-json\/wp\/v2\/comments?post=190809"}],"wp:featuredmedia":[{"embeddable":true,"href":"https:\/\/www.laperlavalles.cat\/fr\/wp-json\/wp\/v2\/media\/190792"}],"wp:attachment":[{"href":"https:\/\/www.laperlavalles.cat\/fr\/wp-json\/wp\/v2\/media?parent=190809"}],"wp:term":[{"taxonomy":"product_cat","embeddable":true,"href":"https:\/\/www.laperlavalles.cat\/fr\/wp-json\/wp\/v2\/product_cat?post=190809"},{"taxonomy":"product_tag","embeddable":true,"href":"https:\/\/www.laperlavalles.cat\/fr\/wp-json\/wp\/v2\/product_tag?post=190809"}],"curies":[{"name":"wp","href":"https:\/\/api.w.org\/{rel}","templated":true}]}}