{"id":190829,"date":"2025-03-24T10:00:41","date_gmt":"2025-03-24T09:00:59","guid":{"rendered":"https:\/\/www.laperlavalles.cat\/product\/aunt-jackies-ice-curls-glossy-curling-jelly-426g\/"},"modified":"2025-04-30T13:24:15","modified_gmt":"2025-04-30T11:24:15","slug":"aunt-jackies-ice-curls-glossy-curling-jelly-426g","status":"publish","type":"product","link":"https:\/\/www.laperlavalles.cat\/fr\/produit\/aunt-jackies-ice-curls-glossy-curling-jelly-426g\/","title":{"rendered":"AUNT JACKIE&rsquo;S ICE CURLS GLOSSY CURLING JELLY 426G"},"content":{"rendered":"<p>Le AUNT JACKIE&rsquo;S ICE CURLS GLOSSY CURLING JELLY est une gel\u00e9e coiffante l\u00e9g\u00e8re qui d\u00e9finit, hydrate et donne une brillance \u00e9clatante aux boucles. Gr\u00e2ce \u00e0 sa formule enrichie en huile de ricin et en huile de p\u00e9pins de raisin, elle combat les frisottis et assure une tenue souple et naturelle.<\/p>\n","protected":false},"excerpt":{"rendered":"<p>Le AUNT JACKIE&rsquo;S ICE CURLS GLOSSY CURLING JELLY est une gel\u00e9e coiffante l\u00e9g\u00e8re qui d\u00e9finit, hydrate et donne une brillance \u00e9clatante aux boucles. Gr\u00e2ce \u00e0 sa<span class=\"excerpt-hellip\"> [\u2026]<\/span><\/p>\n","protected":false},"featured_media":190812,"comment_status":"open","ping_status":"closed","template":"","meta":[],"product_cat":[8461,24331],"product_tag":[],"_links":{"self":[{"href":"https:\/\/www.laperlavalles.cat\/fr\/wp-json\/wp\/v2\/product\/190829"}],"collection":[{"href":"https:\/\/www.laperlavalles.cat\/fr\/wp-json\/wp\/v2\/product"}],"about":[{"href":"https:\/\/www.laperlavalles.cat\/fr\/wp-json\/wp\/v2\/types\/product"}],"replies":[{"embeddable":true,"href":"https:\/\/www.laperlavalles.cat\/fr\/wp-json\/wp\/v2\/comments?post=190829"}],"wp:featuredmedia":[{"embeddable":true,"href":"https:\/\/www.laperlavalles.cat\/fr\/wp-json\/wp\/v2\/media\/190812"}],"wp:attachment":[{"href":"https:\/\/www.laperlavalles.cat\/fr\/wp-json\/wp\/v2\/media?parent=190829"}],"wp:term":[{"taxonomy":"product_cat","embeddable":true,"href":"https:\/\/www.laperlavalles.cat\/fr\/wp-json\/wp\/v2\/product_cat?post=190829"},{"taxonomy":"product_tag","embeddable":true,"href":"https:\/\/www.laperlavalles.cat\/fr\/wp-json\/wp\/v2\/product_tag?post=190829"}],"curies":[{"name":"wp","href":"https:\/\/api.w.org\/{rel}","templated":true}]}}