{"id":190849,"date":"2025-03-24T10:02:32","date_gmt":"2025-03-24T09:02:48","guid":{"rendered":"https:\/\/www.laperlavalles.cat\/product\/aunt-jackies-kids-knot-havinit-leave-in-detangling-moist-355ml\/"},"modified":"2025-03-24T10:33:41","modified_gmt":"2025-03-24T09:33:41","slug":"aunt-jackies-kids-knot-havinit-leave-in-detangling-moist-355ml","status":"publish","type":"product","link":"https:\/\/www.laperlavalles.cat\/fr\/produit\/aunt-jackies-kids-knot-havinit-leave-in-detangling-moist-355ml\/","title":{"rendered":"AUNT JACKIE&rsquo;S KIDS KNOT HAVIN&rsquo;IT LEAVE IN DETANGLING MOIST 355ML"},"content":{"rendered":"<p>Le AUNT JACKIE&rsquo;S KIDS KNOT HAVIN&rsquo; IT LEAVE-IN DETANGLING MOIST est un soin sans rin\u00e7age con\u00e7u sp\u00e9cialement pour les enfants. Il facilite le d\u00e9m\u00ealage, hydrate en profondeur et prot\u00e8ge les cheveux contre la casse. Enrichi en huile de coco et beurre de karit\u00e9, il laisse les cheveux doux, soyeux et faciles \u00e0 coiffer.<\/p>\n","protected":false},"excerpt":{"rendered":"<p>Le AUNT JACKIE&rsquo;S KIDS KNOT HAVIN&rsquo; IT LEAVE-IN DETANGLING MOIST est un soin sans rin\u00e7age con\u00e7u sp\u00e9cialement pour les enfants. Il facilite le d\u00e9m\u00ealage, hydrate en<span class=\"excerpt-hellip\"> [\u2026]<\/span><\/p>\n","protected":false},"featured_media":190832,"comment_status":"open","ping_status":"closed","template":"","meta":[],"product_cat":[8461,24331],"product_tag":[],"_links":{"self":[{"href":"https:\/\/www.laperlavalles.cat\/fr\/wp-json\/wp\/v2\/product\/190849"}],"collection":[{"href":"https:\/\/www.laperlavalles.cat\/fr\/wp-json\/wp\/v2\/product"}],"about":[{"href":"https:\/\/www.laperlavalles.cat\/fr\/wp-json\/wp\/v2\/types\/product"}],"replies":[{"embeddable":true,"href":"https:\/\/www.laperlavalles.cat\/fr\/wp-json\/wp\/v2\/comments?post=190849"}],"wp:featuredmedia":[{"embeddable":true,"href":"https:\/\/www.laperlavalles.cat\/fr\/wp-json\/wp\/v2\/media\/190832"}],"wp:attachment":[{"href":"https:\/\/www.laperlavalles.cat\/fr\/wp-json\/wp\/v2\/media?parent=190849"}],"wp:term":[{"taxonomy":"product_cat","embeddable":true,"href":"https:\/\/www.laperlavalles.cat\/fr\/wp-json\/wp\/v2\/product_cat?post=190849"},{"taxonomy":"product_tag","embeddable":true,"href":"https:\/\/www.laperlavalles.cat\/fr\/wp-json\/wp\/v2\/product_tag?post=190849"}],"curies":[{"name":"wp","href":"https:\/\/api.w.org\/{rel}","templated":true}]}}