{"id":190869,"date":"2025-03-24T10:03:50","date_gmt":"2025-03-24T09:04:09","guid":{"rendered":"https:\/\/www.laperlavalles.cat\/product\/aunt-jackies-kids-baby-curls-custard-426g\/"},"modified":"2025-03-24T10:34:59","modified_gmt":"2025-03-24T09:34:59","slug":"aunt-jackies-kids-baby-curls-custard-426g","status":"publish","type":"product","link":"https:\/\/www.laperlavalles.cat\/fr\/produit\/aunt-jackies-kids-baby-curls-custard-426g\/","title":{"rendered":"AUNT JACKIE&rsquo;S KIDS BABY CURLS CUSTARD 426G"},"content":{"rendered":"<p>Le AUNT JACKIE&rsquo;S KIDS BABY CURLS CUSTARD est une cr\u00e8me coiffante sp\u00e9cialement con\u00e7ue pour d\u00e9finir et nourrir les boucles des enfants. Sa formule enrichie en beurre de karit\u00e9 et huile d\u2019olive hydrate en profondeur, r\u00e9duit les frisottis et donne une d\u00e9finition longue dur\u00e9e sans effet collant.<\/p>\n","protected":false},"excerpt":{"rendered":"<p>Le AUNT JACKIE&rsquo;S KIDS BABY CURLS CUSTARD est une cr\u00e8me coiffante sp\u00e9cialement con\u00e7ue pour d\u00e9finir et nourrir les boucles des enfants. Sa formule enrichie en beurre<span class=\"excerpt-hellip\"> [\u2026]<\/span><\/p>\n","protected":false},"featured_media":190852,"comment_status":"open","ping_status":"closed","template":"","meta":[],"product_cat":[8461,24331],"product_tag":[],"_links":{"self":[{"href":"https:\/\/www.laperlavalles.cat\/fr\/wp-json\/wp\/v2\/product\/190869"}],"collection":[{"href":"https:\/\/www.laperlavalles.cat\/fr\/wp-json\/wp\/v2\/product"}],"about":[{"href":"https:\/\/www.laperlavalles.cat\/fr\/wp-json\/wp\/v2\/types\/product"}],"replies":[{"embeddable":true,"href":"https:\/\/www.laperlavalles.cat\/fr\/wp-json\/wp\/v2\/comments?post=190869"}],"wp:featuredmedia":[{"embeddable":true,"href":"https:\/\/www.laperlavalles.cat\/fr\/wp-json\/wp\/v2\/media\/190852"}],"wp:attachment":[{"href":"https:\/\/www.laperlavalles.cat\/fr\/wp-json\/wp\/v2\/media?parent=190869"}],"wp:term":[{"taxonomy":"product_cat","embeddable":true,"href":"https:\/\/www.laperlavalles.cat\/fr\/wp-json\/wp\/v2\/product_cat?post=190869"},{"taxonomy":"product_tag","embeddable":true,"href":"https:\/\/www.laperlavalles.cat\/fr\/wp-json\/wp\/v2\/product_tag?post=190869"}],"curies":[{"name":"wp","href":"https:\/\/api.w.org\/{rel}","templated":true}]}}