{"id":190889,"date":"2025-03-24T10:05:10","date_gmt":"2025-03-24T09:05:27","guid":{"rendered":"https:\/\/www.laperlavalles.cat\/product\/aunt-jackies-kids-soft-sassy-conditioner-426g\/"},"modified":"2025-03-24T10:36:15","modified_gmt":"2025-03-24T09:36:15","slug":"aunt-jackies-kids-soft-sassy-conditioner-426g","status":"publish","type":"product","link":"https:\/\/www.laperlavalles.cat\/fr\/produit\/aunt-jackies-kids-soft-sassy-conditioner-426g\/","title":{"rendered":"AUNT JACKIE&rsquo;S KIDS SOFT &amp; SASSY CONDITIONER 426G"},"content":{"rendered":"<p>Le AUNT JACKIE&rsquo;S KIDS SOFT &amp; SASSY CONDITIONER est un apr\u00e8s-shampoing ultra-hydratant con\u00e7u pour les cheveux d\u00e9licats des enfants. Infus\u00e9 d\u2019huile de coco et de beurre de karit\u00e9, il nourrit, d\u00e9m\u00eale et adoucit les cheveux tout en facilitant le coiffage.<\/p>\n","protected":false},"excerpt":{"rendered":"<p>Le AUNT JACKIE&rsquo;S KIDS SOFT &amp; SASSY CONDITIONER est un apr\u00e8s-shampoing ultra-hydratant con\u00e7u pour les cheveux d\u00e9licats des enfants. Infus\u00e9 d\u2019huile de coco et de beurre<span class=\"excerpt-hellip\"> [\u2026]<\/span><\/p>\n","protected":false},"featured_media":190872,"comment_status":"open","ping_status":"closed","template":"","meta":[],"product_cat":[8461,24331],"product_tag":[],"_links":{"self":[{"href":"https:\/\/www.laperlavalles.cat\/fr\/wp-json\/wp\/v2\/product\/190889"}],"collection":[{"href":"https:\/\/www.laperlavalles.cat\/fr\/wp-json\/wp\/v2\/product"}],"about":[{"href":"https:\/\/www.laperlavalles.cat\/fr\/wp-json\/wp\/v2\/types\/product"}],"replies":[{"embeddable":true,"href":"https:\/\/www.laperlavalles.cat\/fr\/wp-json\/wp\/v2\/comments?post=190889"}],"wp:featuredmedia":[{"embeddable":true,"href":"https:\/\/www.laperlavalles.cat\/fr\/wp-json\/wp\/v2\/media\/190872"}],"wp:attachment":[{"href":"https:\/\/www.laperlavalles.cat\/fr\/wp-json\/wp\/v2\/media?parent=190889"}],"wp:term":[{"taxonomy":"product_cat","embeddable":true,"href":"https:\/\/www.laperlavalles.cat\/fr\/wp-json\/wp\/v2\/product_cat?post=190889"},{"taxonomy":"product_tag","embeddable":true,"href":"https:\/\/www.laperlavalles.cat\/fr\/wp-json\/wp\/v2\/product_tag?post=190889"}],"curies":[{"name":"wp","href":"https:\/\/api.w.org\/{rel}","templated":true}]}}