{"id":190909,"date":"2025-03-24T10:06:27","date_gmt":"2025-03-24T09:06:45","guid":{"rendered":"https:\/\/www.laperlavalles.cat\/product\/originals-kids-africas-best-shea-butter-lotion-355ml\/"},"modified":"2025-05-05T14:12:13","modified_gmt":"2025-05-05T12:12:13","slug":"originals-kids-africas-best-shea-butter-lotion-355ml","status":"publish","type":"product","link":"https:\/\/www.laperlavalles.cat\/fr\/produit\/originals-kids-africas-best-shea-butter-lotion-355ml\/","title":{"rendered":"ORIGINALS KIDS AFRICA&rsquo;S BEST SHEA BUTTER LOTION 355ML"},"content":{"rendered":"<p>La ORIGINALS KIDS AFRICA&rsquo;S BEST SHEA BUTTER LOTION est une lotion hydratante enrichie en beurre de karit\u00e9 pour nourrir et prot\u00e9ger la peau d\u00e9licate des enfants. Sa formule l\u00e9g\u00e8re p\u00e9n\u00e8tre rapidement, laissant la peau douce, souple et bien hydrat\u00e9e.<\/p>\n","protected":false},"excerpt":{"rendered":"<p>La ORIGINALS KIDS AFRICA&rsquo;S BEST SHEA BUTTER LOTION est une lotion hydratante enrichie en beurre de karit\u00e9 pour nourrir et prot\u00e9ger la peau d\u00e9licate des enfants.<span class=\"excerpt-hellip\"> [\u2026]<\/span><\/p>\n","protected":false},"featured_media":190892,"comment_status":"open","ping_status":"closed","template":"","meta":[],"product_cat":[8461,24331],"product_tag":[],"_links":{"self":[{"href":"https:\/\/www.laperlavalles.cat\/fr\/wp-json\/wp\/v2\/product\/190909"}],"collection":[{"href":"https:\/\/www.laperlavalles.cat\/fr\/wp-json\/wp\/v2\/product"}],"about":[{"href":"https:\/\/www.laperlavalles.cat\/fr\/wp-json\/wp\/v2\/types\/product"}],"replies":[{"embeddable":true,"href":"https:\/\/www.laperlavalles.cat\/fr\/wp-json\/wp\/v2\/comments?post=190909"}],"wp:featuredmedia":[{"embeddable":true,"href":"https:\/\/www.laperlavalles.cat\/fr\/wp-json\/wp\/v2\/media\/190892"}],"wp:attachment":[{"href":"https:\/\/www.laperlavalles.cat\/fr\/wp-json\/wp\/v2\/media?parent=190909"}],"wp:term":[{"taxonomy":"product_cat","embeddable":true,"href":"https:\/\/www.laperlavalles.cat\/fr\/wp-json\/wp\/v2\/product_cat?post=190909"},{"taxonomy":"product_tag","embeddable":true,"href":"https:\/\/www.laperlavalles.cat\/fr\/wp-json\/wp\/v2\/product_tag?post=190909"}],"curies":[{"name":"wp","href":"https:\/\/api.w.org\/{rel}","templated":true}]}}