{"id":190949,"date":"2025-03-24T10:09:28","date_gmt":"2025-03-24T09:09:44","guid":{"rendered":"https:\/\/www.laperlavalles.cat\/product\/originals-africas-best-carrottea-tree-oil-therapy-177ml\/"},"modified":"2025-05-07T12:42:16","modified_gmt":"2025-05-07T10:42:16","slug":"originals-africas-best-carrottea-tree-oil-therapy-177ml","status":"publish","type":"product","link":"https:\/\/www.laperlavalles.cat\/fr\/produit\/originals-africas-best-carrottea-tree-oil-therapy-177ml\/","title":{"rendered":"ORIGINALS AFRICA&rsquo;S BEST CARROT&amp;TEA-TREE OIL THERAPY 177ML"},"content":{"rendered":"<p>Le ORIGINALS AFRICA&rsquo;S BEST CARROT &amp; TEA-TREE OIL THERAPY est un traitement revitalisant enrichi en huile de carotte et en huile d\u2019arbre \u00e0 th\u00e9. Il nourrit en profondeur, aide \u00e0 pr\u00e9venir la casse et favorise un cuir chevelu sain.<\/p>\n","protected":false},"excerpt":{"rendered":"<p>Le ORIGINALS AFRICA&rsquo;S BEST CARROT &amp; TEA-TREE OIL THERAPY est un traitement revitalisant enrichi en huile de carotte et en huile d\u2019arbre \u00e0 th\u00e9. Il nourrit<span class=\"excerpt-hellip\"> [\u2026]<\/span><\/p>\n","protected":false},"featured_media":190932,"comment_status":"open","ping_status":"closed","template":"","meta":[],"product_cat":[8461,24331],"product_tag":[],"_links":{"self":[{"href":"https:\/\/www.laperlavalles.cat\/fr\/wp-json\/wp\/v2\/product\/190949"}],"collection":[{"href":"https:\/\/www.laperlavalles.cat\/fr\/wp-json\/wp\/v2\/product"}],"about":[{"href":"https:\/\/www.laperlavalles.cat\/fr\/wp-json\/wp\/v2\/types\/product"}],"replies":[{"embeddable":true,"href":"https:\/\/www.laperlavalles.cat\/fr\/wp-json\/wp\/v2\/comments?post=190949"}],"wp:featuredmedia":[{"embeddable":true,"href":"https:\/\/www.laperlavalles.cat\/fr\/wp-json\/wp\/v2\/media\/190932"}],"wp:attachment":[{"href":"https:\/\/www.laperlavalles.cat\/fr\/wp-json\/wp\/v2\/media?parent=190949"}],"wp:term":[{"taxonomy":"product_cat","embeddable":true,"href":"https:\/\/www.laperlavalles.cat\/fr\/wp-json\/wp\/v2\/product_cat?post=190949"},{"taxonomy":"product_tag","embeddable":true,"href":"https:\/\/www.laperlavalles.cat\/fr\/wp-json\/wp\/v2\/product_tag?post=190949"}],"curies":[{"name":"wp","href":"https:\/\/api.w.org\/{rel}","templated":true}]}}