{"id":191009,"date":"2025-03-24T10:42:26","date_gmt":"2025-03-24T09:42:45","guid":{"rendered":"https:\/\/www.laperlavalles.cat\/product\/originals-africas-best-olive-oil-relaxer-kit-regular-2app\/"},"modified":"2025-03-24T11:04:58","modified_gmt":"2025-03-24T10:04:58","slug":"originals-africas-best-olive-oil-relaxer-kit-regular-2app","status":"publish","type":"product","link":"https:\/\/www.laperlavalles.cat\/fr\/produit\/originals-africas-best-olive-oil-relaxer-kit-regular-2app\/","title":{"rendered":"ORIGINALS AFRICA&rsquo;S BEST OLIVE OIL RELAXER KIT REGULAR 2APP"},"content":{"rendered":"<p>Le ORIGINALS AFRICA&rsquo;S BEST OLIVE OIL RELAXER KIT REGULAR est un kit de d\u00e9frisage enrichi \u00e0 l&rsquo;huile d&rsquo;olive, con\u00e7u pour lisser les cheveux tout en les nourrissant et en les prot\u00e9geant contre la casse.<\/p>\n","protected":false},"excerpt":{"rendered":"<p>Le ORIGINALS AFRICA&rsquo;S BEST OLIVE OIL RELAXER KIT REGULAR est un kit de d\u00e9frisage enrichi \u00e0 l&rsquo;huile d&rsquo;olive, con\u00e7u pour lisser les cheveux tout en les<span class=\"excerpt-hellip\"> [\u2026]<\/span><\/p>\n","protected":false},"featured_media":190992,"comment_status":"open","ping_status":"closed","template":"","meta":[],"product_cat":[8461,24331],"product_tag":[],"_links":{"self":[{"href":"https:\/\/www.laperlavalles.cat\/fr\/wp-json\/wp\/v2\/product\/191009"}],"collection":[{"href":"https:\/\/www.laperlavalles.cat\/fr\/wp-json\/wp\/v2\/product"}],"about":[{"href":"https:\/\/www.laperlavalles.cat\/fr\/wp-json\/wp\/v2\/types\/product"}],"replies":[{"embeddable":true,"href":"https:\/\/www.laperlavalles.cat\/fr\/wp-json\/wp\/v2\/comments?post=191009"}],"wp:featuredmedia":[{"embeddable":true,"href":"https:\/\/www.laperlavalles.cat\/fr\/wp-json\/wp\/v2\/media\/190992"}],"wp:attachment":[{"href":"https:\/\/www.laperlavalles.cat\/fr\/wp-json\/wp\/v2\/media?parent=191009"}],"wp:term":[{"taxonomy":"product_cat","embeddable":true,"href":"https:\/\/www.laperlavalles.cat\/fr\/wp-json\/wp\/v2\/product_cat?post=191009"},{"taxonomy":"product_tag","embeddable":true,"href":"https:\/\/www.laperlavalles.cat\/fr\/wp-json\/wp\/v2\/product_tag?post=191009"}],"curies":[{"name":"wp","href":"https:\/\/api.w.org\/{rel}","templated":true}]}}