{"id":191029,"date":"2025-03-24T11:20:38","date_gmt":"2025-03-24T10:20:56","guid":{"rendered":"https:\/\/www.laperlavalles.cat\/product\/huile-de-baobab-50ml\/"},"modified":"2025-03-24T12:02:23","modified_gmt":"2025-03-24T11:02:23","slug":"huile-de-baobab-50ml","status":"publish","type":"product","link":"https:\/\/www.laperlavalles.cat\/fr\/produit\/huile-de-baobab-50ml\/","title":{"rendered":"Huile de Baobab 50ML"},"content":{"rendered":"<p>Huile de Baobab 50ML \u2013 Une huile v\u00e9g\u00e9tale pr\u00e9cieuse aux propri\u00e9t\u00e9s hydratantes et nourrissantes, id\u00e9ale pour les cheveux et la peau.<\/p>\n","protected":false},"excerpt":{"rendered":"<p>Huile de Baobab 50ML \u2013 Une huile v\u00e9g\u00e9tale pr\u00e9cieuse aux propri\u00e9t\u00e9s hydratantes et nourrissantes, id\u00e9ale pour les cheveux et la peau.<\/p>\n","protected":false},"featured_media":191012,"comment_status":"open","ping_status":"closed","template":"","meta":[],"product_cat":[8461,24331],"product_tag":[],"_links":{"self":[{"href":"https:\/\/www.laperlavalles.cat\/fr\/wp-json\/wp\/v2\/product\/191029"}],"collection":[{"href":"https:\/\/www.laperlavalles.cat\/fr\/wp-json\/wp\/v2\/product"}],"about":[{"href":"https:\/\/www.laperlavalles.cat\/fr\/wp-json\/wp\/v2\/types\/product"}],"replies":[{"embeddable":true,"href":"https:\/\/www.laperlavalles.cat\/fr\/wp-json\/wp\/v2\/comments?post=191029"}],"wp:featuredmedia":[{"embeddable":true,"href":"https:\/\/www.laperlavalles.cat\/fr\/wp-json\/wp\/v2\/media\/191012"}],"wp:attachment":[{"href":"https:\/\/www.laperlavalles.cat\/fr\/wp-json\/wp\/v2\/media?parent=191029"}],"wp:term":[{"taxonomy":"product_cat","embeddable":true,"href":"https:\/\/www.laperlavalles.cat\/fr\/wp-json\/wp\/v2\/product_cat?post=191029"},{"taxonomy":"product_tag","embeddable":true,"href":"https:\/\/www.laperlavalles.cat\/fr\/wp-json\/wp\/v2\/product_tag?post=191029"}],"curies":[{"name":"wp","href":"https:\/\/api.w.org\/{rel}","templated":true}]}}