{"id":191109,"date":"2025-03-24T11:30:41","date_gmt":"2025-03-24T10:30:59","guid":{"rendered":"https:\/\/www.laperlavalles.cat\/product\/hollywood-beauty-tea-tree-oil-592ml\/"},"modified":"2025-03-24T12:09:32","modified_gmt":"2025-03-24T11:09:32","slug":"hollywood-beauty-tea-tree-oil-592ml","status":"publish","type":"product","link":"https:\/\/www.laperlavalles.cat\/fr\/produit\/hollywood-beauty-tea-tree-oil-592ml\/","title":{"rendered":"HOLLYWOOD BEAUTY TEA TREE OIL 59,2ML"},"content":{"rendered":"<p>HOLLYWOOD BEAUTY Huile d\u2019Arbre \u00e0 Th\u00e9 59,2ML \u2013 Une huile nourrissante \u00e0 l\u2019arbre \u00e0 th\u00e9, id\u00e9ale pour apaiser le cuir chevelu, r\u00e9duire les d\u00e9mangeaisons et hydrater les cheveux et la peau.<\/p>\n","protected":false},"excerpt":{"rendered":"<p>HOLLYWOOD BEAUTY Huile d\u2019Arbre \u00e0 Th\u00e9 59,2ML \u2013 Une huile nourrissante \u00e0 l\u2019arbre \u00e0 th\u00e9, id\u00e9ale pour apaiser le cuir chevelu, r\u00e9duire les d\u00e9mangeaisons et hydrater<span class=\"excerpt-hellip\"> [\u2026]<\/span><\/p>\n","protected":false},"featured_media":191092,"comment_status":"open","ping_status":"closed","template":"","meta":[],"product_cat":[8461,24331],"product_tag":[],"_links":{"self":[{"href":"https:\/\/www.laperlavalles.cat\/fr\/wp-json\/wp\/v2\/product\/191109"}],"collection":[{"href":"https:\/\/www.laperlavalles.cat\/fr\/wp-json\/wp\/v2\/product"}],"about":[{"href":"https:\/\/www.laperlavalles.cat\/fr\/wp-json\/wp\/v2\/types\/product"}],"replies":[{"embeddable":true,"href":"https:\/\/www.laperlavalles.cat\/fr\/wp-json\/wp\/v2\/comments?post=191109"}],"wp:featuredmedia":[{"embeddable":true,"href":"https:\/\/www.laperlavalles.cat\/fr\/wp-json\/wp\/v2\/media\/191092"}],"wp:attachment":[{"href":"https:\/\/www.laperlavalles.cat\/fr\/wp-json\/wp\/v2\/media?parent=191109"}],"wp:term":[{"taxonomy":"product_cat","embeddable":true,"href":"https:\/\/www.laperlavalles.cat\/fr\/wp-json\/wp\/v2\/product_cat?post=191109"},{"taxonomy":"product_tag","embeddable":true,"href":"https:\/\/www.laperlavalles.cat\/fr\/wp-json\/wp\/v2\/product_tag?post=191109"}],"curies":[{"name":"wp","href":"https:\/\/api.w.org\/{rel}","templated":true}]}}