{"id":191129,"date":"2025-03-24T11:32:00","date_gmt":"2025-03-24T10:32:17","guid":{"rendered":"https:\/\/www.laperlavalles.cat\/product\/hollywood-beauty-vitamina-e-oil-592ml\/"},"modified":"2025-03-24T12:11:54","modified_gmt":"2025-03-24T11:11:54","slug":"hollywood-beauty-vitamina-e-oil-592ml","status":"publish","type":"product","link":"https:\/\/www.laperlavalles.cat\/fr\/produit\/hollywood-beauty-vitamina-e-oil-592ml\/","title":{"rendered":"HOLLYWOOD BEAUTY VITAMINA E OIL 59,2ML"},"content":{"rendered":"<p>HOLLYWOOD BEAUTY Huile de Vitamine E 59,2ML \u2013 Une huile enrichie en vitamine E, id\u00e9ale pour nourrir et hydrater la peau et les cheveux tout en aidant \u00e0 r\u00e9duire les signes du vieillissement.<\/p>\n","protected":false},"excerpt":{"rendered":"<p>HOLLYWOOD BEAUTY Huile de Vitamine E 59,2ML \u2013 Une huile enrichie en vitamine E, id\u00e9ale pour nourrir et hydrater la peau et les cheveux tout en<span class=\"excerpt-hellip\"> [\u2026]<\/span><\/p>\n","protected":false},"featured_media":191112,"comment_status":"open","ping_status":"closed","template":"","meta":[],"product_cat":[8461,24331],"product_tag":[],"_links":{"self":[{"href":"https:\/\/www.laperlavalles.cat\/fr\/wp-json\/wp\/v2\/product\/191129"}],"collection":[{"href":"https:\/\/www.laperlavalles.cat\/fr\/wp-json\/wp\/v2\/product"}],"about":[{"href":"https:\/\/www.laperlavalles.cat\/fr\/wp-json\/wp\/v2\/types\/product"}],"replies":[{"embeddable":true,"href":"https:\/\/www.laperlavalles.cat\/fr\/wp-json\/wp\/v2\/comments?post=191129"}],"wp:featuredmedia":[{"embeddable":true,"href":"https:\/\/www.laperlavalles.cat\/fr\/wp-json\/wp\/v2\/media\/191112"}],"wp:attachment":[{"href":"https:\/\/www.laperlavalles.cat\/fr\/wp-json\/wp\/v2\/media?parent=191129"}],"wp:term":[{"taxonomy":"product_cat","embeddable":true,"href":"https:\/\/www.laperlavalles.cat\/fr\/wp-json\/wp\/v2\/product_cat?post=191129"},{"taxonomy":"product_tag","embeddable":true,"href":"https:\/\/www.laperlavalles.cat\/fr\/wp-json\/wp\/v2\/product_tag?post=191129"}],"curies":[{"name":"wp","href":"https:\/\/api.w.org\/{rel}","templated":true}]}}