{"id":191149,"date":"2025-03-24T11:33:18","date_gmt":"2025-03-24T10:33:35","guid":{"rendered":"https:\/\/www.laperlavalles.cat\/product\/hollywood-beauty-jojoba-oil-592ml\/"},"modified":"2025-03-24T12:13:10","modified_gmt":"2025-03-24T11:13:10","slug":"hollywood-beauty-jojoba-oil-592ml","status":"publish","type":"product","link":"https:\/\/www.laperlavalles.cat\/fr\/produit\/hollywood-beauty-jojoba-oil-592ml\/","title":{"rendered":"HOLLYWOOD BEAUTY JOJOBA OIL 59,2ML"},"content":{"rendered":"<p>HOLLYWOOD BEAUTY Huile de Jojoba 59,2ML \u2013 Une huile naturelle l\u00e9g\u00e8re qui hydrate en profondeur la peau et les cheveux tout en r\u00e9gulant la production de s\u00e9bum.<\/p>\n","protected":false},"excerpt":{"rendered":"<p>HOLLYWOOD BEAUTY Huile de Jojoba 59,2ML \u2013 Une huile naturelle l\u00e9g\u00e8re qui hydrate en profondeur la peau et les cheveux tout en r\u00e9gulant la production de<span class=\"excerpt-hellip\"> [\u2026]<\/span><\/p>\n","protected":false},"featured_media":191132,"comment_status":"open","ping_status":"closed","template":"","meta":[],"product_cat":[8461,24331],"product_tag":[],"_links":{"self":[{"href":"https:\/\/www.laperlavalles.cat\/fr\/wp-json\/wp\/v2\/product\/191149"}],"collection":[{"href":"https:\/\/www.laperlavalles.cat\/fr\/wp-json\/wp\/v2\/product"}],"about":[{"href":"https:\/\/www.laperlavalles.cat\/fr\/wp-json\/wp\/v2\/types\/product"}],"replies":[{"embeddable":true,"href":"https:\/\/www.laperlavalles.cat\/fr\/wp-json\/wp\/v2\/comments?post=191149"}],"wp:featuredmedia":[{"embeddable":true,"href":"https:\/\/www.laperlavalles.cat\/fr\/wp-json\/wp\/v2\/media\/191132"}],"wp:attachment":[{"href":"https:\/\/www.laperlavalles.cat\/fr\/wp-json\/wp\/v2\/media?parent=191149"}],"wp:term":[{"taxonomy":"product_cat","embeddable":true,"href":"https:\/\/www.laperlavalles.cat\/fr\/wp-json\/wp\/v2\/product_cat?post=191149"},{"taxonomy":"product_tag","embeddable":true,"href":"https:\/\/www.laperlavalles.cat\/fr\/wp-json\/wp\/v2\/product_tag?post=191149"}],"curies":[{"name":"wp","href":"https:\/\/api.w.org\/{rel}","templated":true}]}}