{"id":191169,"date":"2025-03-24T11:34:38","date_gmt":"2025-03-24T10:34:53","guid":{"rendered":"https:\/\/www.laperlavalles.cat\/product\/hollywood-beauty-coconut-oil-592ml\/"},"modified":"2025-03-24T12:14:23","modified_gmt":"2025-03-24T11:14:23","slug":"hollywood-beauty-coconut-oil-592ml","status":"publish","type":"product","link":"https:\/\/www.laperlavalles.cat\/fr\/produit\/hollywood-beauty-coconut-oil-592ml\/","title":{"rendered":"HOLLYWOOD BEAUTY COCONUT OIL 59,2ML"},"content":{"rendered":"<p>HOLLYWOOD BEAUTY Huile de Coco 59,2ML \u2013 Une huile nourrissante qui hydrate intens\u00e9ment la peau et les cheveux, tout en renfor\u00e7ant leur \u00e9lasticit\u00e9 et leur \u00e9clat naturel.<\/p>\n","protected":false},"excerpt":{"rendered":"<p>HOLLYWOOD BEAUTY Huile de Coco 59,2ML \u2013 Une huile nourrissante qui hydrate intens\u00e9ment la peau et les cheveux, tout en renfor\u00e7ant leur \u00e9lasticit\u00e9 et leur \u00e9clat<span class=\"excerpt-hellip\"> [\u2026]<\/span><\/p>\n","protected":false},"featured_media":191152,"comment_status":"open","ping_status":"closed","template":"","meta":[],"product_cat":[8461,24331],"product_tag":[],"_links":{"self":[{"href":"https:\/\/www.laperlavalles.cat\/fr\/wp-json\/wp\/v2\/product\/191169"}],"collection":[{"href":"https:\/\/www.laperlavalles.cat\/fr\/wp-json\/wp\/v2\/product"}],"about":[{"href":"https:\/\/www.laperlavalles.cat\/fr\/wp-json\/wp\/v2\/types\/product"}],"replies":[{"embeddable":true,"href":"https:\/\/www.laperlavalles.cat\/fr\/wp-json\/wp\/v2\/comments?post=191169"}],"wp:featuredmedia":[{"embeddable":true,"href":"https:\/\/www.laperlavalles.cat\/fr\/wp-json\/wp\/v2\/media\/191152"}],"wp:attachment":[{"href":"https:\/\/www.laperlavalles.cat\/fr\/wp-json\/wp\/v2\/media?parent=191169"}],"wp:term":[{"taxonomy":"product_cat","embeddable":true,"href":"https:\/\/www.laperlavalles.cat\/fr\/wp-json\/wp\/v2\/product_cat?post=191169"},{"taxonomy":"product_tag","embeddable":true,"href":"https:\/\/www.laperlavalles.cat\/fr\/wp-json\/wp\/v2\/product_tag?post=191169"}],"curies":[{"name":"wp","href":"https:\/\/api.w.org\/{rel}","templated":true}]}}