{"id":191239,"date":"2025-03-24T11:44:49","date_gmt":"2025-03-24T10:44:49","guid":{"rendered":"https:\/\/www.laperlavalles.cat\/product\/the-elements-lait-de-coco-pour-cuisiner-brique-1l-3\/"},"modified":"2025-03-24T11:44:49","modified_gmt":"2025-03-24T10:44:49","slug":"the-elements-lait-de-coco-pour-cuisiner-brique-1l-3","status":"publish","type":"product","link":"https:\/\/www.laperlavalles.cat\/fr\/produit\/the-elements-lait-de-coco-pour-cuisiner-brique-1l-3\/","title":{"rendered":"THE ELEMENTS Lait de Coco pour Cuisiner Brique 1L"},"content":{"rendered":"<p>THE ELEMENTS Lait de Coco pour Cuisiner Brique 1L \u2013 Un lait de coco adapt\u00e9 \u00e0 la cuisine quotidienne. Id\u00e9al pour \u00e9paissir les sauces, les currys et les soupes, ou pour ajouter une saveur douce aux desserts.<\/p>\n","protected":false},"excerpt":{"rendered":"<p>THE ELEMENTS Lait de Coco pour Cuisiner Brique 1L \u2013 Un lait de coco adapt\u00e9 \u00e0 la cuisine quotidienne. Id\u00e9al pour \u00e9paissir les sauces, les currys<span class=\"excerpt-hellip\"> [\u2026]<\/span><\/p>\n","protected":false},"featured_media":191235,"comment_status":"open","ping_status":"closed","template":"","meta":[],"product_cat":[8579,8449],"product_tag":[],"_links":{"self":[{"href":"https:\/\/www.laperlavalles.cat\/fr\/wp-json\/wp\/v2\/product\/191239"}],"collection":[{"href":"https:\/\/www.laperlavalles.cat\/fr\/wp-json\/wp\/v2\/product"}],"about":[{"href":"https:\/\/www.laperlavalles.cat\/fr\/wp-json\/wp\/v2\/types\/product"}],"replies":[{"embeddable":true,"href":"https:\/\/www.laperlavalles.cat\/fr\/wp-json\/wp\/v2\/comments?post=191239"}],"wp:featuredmedia":[{"embeddable":true,"href":"https:\/\/www.laperlavalles.cat\/fr\/wp-json\/wp\/v2\/media\/191235"}],"wp:attachment":[{"href":"https:\/\/www.laperlavalles.cat\/fr\/wp-json\/wp\/v2\/media?parent=191239"}],"wp:term":[{"taxonomy":"product_cat","embeddable":true,"href":"https:\/\/www.laperlavalles.cat\/fr\/wp-json\/wp\/v2\/product_cat?post=191239"},{"taxonomy":"product_tag","embeddable":true,"href":"https:\/\/www.laperlavalles.cat\/fr\/wp-json\/wp\/v2\/product_tag?post=191239"}],"curies":[{"name":"wp","href":"https:\/\/api.w.org\/{rel}","templated":true}]}}