{"id":191324,"date":"2025-03-24T11:52:03","date_gmt":"2025-03-24T10:52:20","guid":{"rendered":"https:\/\/www.laperlavalles.cat\/product\/hollywood-beauty-cocoa-butter-cream-25oz\/"},"modified":"2025-03-24T12:18:16","modified_gmt":"2025-03-24T11:18:16","slug":"hollywood-beauty-cocoa-butter-cream-25oz","status":"publish","type":"product","link":"https:\/\/www.laperlavalles.cat\/fr\/produit\/hollywood-beauty-cocoa-butter-cream-25oz\/","title":{"rendered":"HOLLYWOOD BEAUTY COCOA BUTTER CREAM 25OZ"},"content":{"rendered":"<p>HOLLYWOOD BEAUTY Cr\u00e8me au Beurre de Cacao 25OZ \u2013 Une cr\u00e8me hydratante intense qui nourrit la peau, aide \u00e0 r\u00e9duire les cicatrices et am\u00e9liore l\u2019\u00e9lasticit\u00e9.<\/p>\n","protected":false},"excerpt":{"rendered":"<p>HOLLYWOOD BEAUTY Cr\u00e8me au Beurre de Cacao 25OZ \u2013 Une cr\u00e8me hydratante intense qui nourrit la peau, aide \u00e0 r\u00e9duire les cicatrices et am\u00e9liore l\u2019\u00e9lasticit\u00e9.<\/p>\n","protected":false},"featured_media":191307,"comment_status":"open","ping_status":"closed","template":"","meta":[],"product_cat":[8461,8597],"product_tag":[],"_links":{"self":[{"href":"https:\/\/www.laperlavalles.cat\/fr\/wp-json\/wp\/v2\/product\/191324"}],"collection":[{"href":"https:\/\/www.laperlavalles.cat\/fr\/wp-json\/wp\/v2\/product"}],"about":[{"href":"https:\/\/www.laperlavalles.cat\/fr\/wp-json\/wp\/v2\/types\/product"}],"replies":[{"embeddable":true,"href":"https:\/\/www.laperlavalles.cat\/fr\/wp-json\/wp\/v2\/comments?post=191324"}],"wp:featuredmedia":[{"embeddable":true,"href":"https:\/\/www.laperlavalles.cat\/fr\/wp-json\/wp\/v2\/media\/191307"}],"wp:attachment":[{"href":"https:\/\/www.laperlavalles.cat\/fr\/wp-json\/wp\/v2\/media?parent=191324"}],"wp:term":[{"taxonomy":"product_cat","embeddable":true,"href":"https:\/\/www.laperlavalles.cat\/fr\/wp-json\/wp\/v2\/product_cat?post=191324"},{"taxonomy":"product_tag","embeddable":true,"href":"https:\/\/www.laperlavalles.cat\/fr\/wp-json\/wp\/v2\/product_tag?post=191324"}],"curies":[{"name":"wp","href":"https:\/\/api.w.org\/{rel}","templated":true}]}}