{"id":191404,"date":"2025-03-25T10:44:57","date_gmt":"2025-03-25T09:45:14","guid":{"rendered":"https:\/\/www.laperlavalles.cat\/product\/red-fox-tub-obutter-cocoa-butter-cream-12oz\/"},"modified":"2025-07-03T12:13:58","modified_gmt":"2025-07-03T10:13:58","slug":"red-fox-tub-obutter-cocoa-butter-cream-12oz","status":"publish","type":"product","link":"https:\/\/www.laperlavalles.cat\/fr\/produit\/red-fox-tub-obutter-cocoa-butter-cream-12oz\/","title":{"rendered":"RED FOX TUB O&rsquo;BUTTER COCOA BUTTER CREAM 12OZ"},"content":{"rendered":"<p>RED FOX Tub O&rsquo;Butter Cr\u00e8me au Beurre de Cacao 12OZ \u2013 Une cr\u00e8me au beurre de cacao formul\u00e9e pour hydrater et nourrir intens\u00e9ment la peau. Aide \u00e0 pr\u00e9venir la s\u00e9cheresse et \u00e0 am\u00e9liorer l&rsquo;\u00e9lasticit\u00e9 de la peau.<\/p>\n","protected":false},"excerpt":{"rendered":"<p>RED FOX Tub O&rsquo;Butter Cr\u00e8me au Beurre de Cacao 12OZ \u2013 Une cr\u00e8me au beurre de cacao formul\u00e9e pour hydrater et nourrir intens\u00e9ment la peau. Aide<span class=\"excerpt-hellip\"> [\u2026]<\/span><\/p>\n","protected":false},"featured_media":191387,"comment_status":"open","ping_status":"closed","template":"","meta":[],"product_cat":[8461,8597],"product_tag":[],"_links":{"self":[{"href":"https:\/\/www.laperlavalles.cat\/fr\/wp-json\/wp\/v2\/product\/191404"}],"collection":[{"href":"https:\/\/www.laperlavalles.cat\/fr\/wp-json\/wp\/v2\/product"}],"about":[{"href":"https:\/\/www.laperlavalles.cat\/fr\/wp-json\/wp\/v2\/types\/product"}],"replies":[{"embeddable":true,"href":"https:\/\/www.laperlavalles.cat\/fr\/wp-json\/wp\/v2\/comments?post=191404"}],"wp:featuredmedia":[{"embeddable":true,"href":"https:\/\/www.laperlavalles.cat\/fr\/wp-json\/wp\/v2\/media\/191387"}],"wp:attachment":[{"href":"https:\/\/www.laperlavalles.cat\/fr\/wp-json\/wp\/v2\/media?parent=191404"}],"wp:term":[{"taxonomy":"product_cat","embeddable":true,"href":"https:\/\/www.laperlavalles.cat\/fr\/wp-json\/wp\/v2\/product_cat?post=191404"},{"taxonomy":"product_tag","embeddable":true,"href":"https:\/\/www.laperlavalles.cat\/fr\/wp-json\/wp\/v2\/product_tag?post=191404"}],"curies":[{"name":"wp","href":"https:\/\/api.w.org\/{rel}","templated":true}]}}