{"id":191424,"date":"2025-03-25T13:10:39","date_gmt":"2025-03-25T12:10:55","guid":{"rendered":"https:\/\/www.laperlavalles.cat\/product\/fair-white-black-soap-200g\/"},"modified":"2025-03-25T13:15:33","modified_gmt":"2025-03-25T12:15:33","slug":"fair-white-black-soap-200g","status":"publish","type":"product","link":"https:\/\/www.laperlavalles.cat\/fr\/produit\/fair-white-black-soap-200g\/","title":{"rendered":"FAIR &amp; WHITE BLACK SOAP 200G"},"content":{"rendered":"<p>FAIR &amp; WHITE Savon Noir 200G \u2013 Un savon nettoyant qui aide \u00e0 purifier la peau, \u00e9liminer les impuret\u00e9s et am\u00e9liorer l\u2019\u00e9clat du teint.<\/p>\n","protected":false},"excerpt":{"rendered":"<p>FAIR &amp; WHITE Savon Noir 200G \u2013 Un savon nettoyant qui aide \u00e0 purifier la peau, \u00e9liminer les impuret\u00e9s et am\u00e9liorer l\u2019\u00e9clat du teint.<\/p>\n","protected":false},"featured_media":191407,"comment_status":"open","ping_status":"closed","template":"","meta":[],"product_cat":[8461,8597],"product_tag":[],"_links":{"self":[{"href":"https:\/\/www.laperlavalles.cat\/fr\/wp-json\/wp\/v2\/product\/191424"}],"collection":[{"href":"https:\/\/www.laperlavalles.cat\/fr\/wp-json\/wp\/v2\/product"}],"about":[{"href":"https:\/\/www.laperlavalles.cat\/fr\/wp-json\/wp\/v2\/types\/product"}],"replies":[{"embeddable":true,"href":"https:\/\/www.laperlavalles.cat\/fr\/wp-json\/wp\/v2\/comments?post=191424"}],"wp:featuredmedia":[{"embeddable":true,"href":"https:\/\/www.laperlavalles.cat\/fr\/wp-json\/wp\/v2\/media\/191407"}],"wp:attachment":[{"href":"https:\/\/www.laperlavalles.cat\/fr\/wp-json\/wp\/v2\/media?parent=191424"}],"wp:term":[{"taxonomy":"product_cat","embeddable":true,"href":"https:\/\/www.laperlavalles.cat\/fr\/wp-json\/wp\/v2\/product_cat?post=191424"},{"taxonomy":"product_tag","embeddable":true,"href":"https:\/\/www.laperlavalles.cat\/fr\/wp-json\/wp\/v2\/product_tag?post=191424"}],"curies":[{"name":"wp","href":"https:\/\/api.w.org\/{rel}","templated":true}]}}